{"id":37462,"date":"2025-01-12T22:40:48","date_gmt":"2025-01-13T04:40:48","guid":{"rendered":"https:\/\/amgpromocionales.com.mx\/?post_type=product&#038;p=37462"},"modified":"2025-01-21T00:20:09","modified_gmt":"2025-01-21T06:20:09","slug":"audifonos-a2392","status":"publish","type":"product","link":"https:\/\/amgpromocionales.mx\/en\/shop\/audifonos-a2392\/","title":{"rendered":"AUD\u00cdFONOS A2392"},"content":{"rendered":"<p>Aud\u00edfonos personales con base circular dise\u00f1ada para guardar los cables sin que se enreden. La base cuenta con clip para sostenerse en el cintur\u00f3n o mochila. Para guardarse, se sujeta un extremo en la hendidura del reverso de la base y se enrollan los cables. Extensi\u00f3n total: 122 cm.<\/p>","protected":false},"excerpt":{"rendered":"<p>Aud\u00edfonos personales con base circular dise\u00f1ada para guardar los cables sin que se enreden. La base cuenta con clip para sostenerse en el cintur\u00f3n o mochila. Para guardarse, se sujeta un extremo en la hendidura del reverso de la base y se enrollan los cables. Extensi\u00f3n total: 122 cm.<\/p>","protected":false},"featured_media":26183,"comment_status":"closed","ping_status":"closed","template":"","meta":[],"genre":[],"product_cat":[320,398],"product_tag":[],"class_list":{"0":"post-37462","1":"product","2":"type-product","3":"status-publish","4":"has-post-thumbnail","6":"product_cat-audifonos","7":"product_cat-ver-todo-tecnologia","9":"first","10":"instock","11":"shipping-taxable","12":"purchasable","13":"product-type-variable"},"_links":{"self":[{"href":"https:\/\/amgpromocionales.mx\/en\/wp-json\/wp\/v2\/product\/37462","targetHints":{"allow":["GET"]}}],"collection":[{"href":"https:\/\/amgpromocionales.mx\/en\/wp-json\/wp\/v2\/product"}],"about":[{"href":"https:\/\/amgpromocionales.mx\/en\/wp-json\/wp\/v2\/types\/product"}],"replies":[{"embeddable":true,"href":"https:\/\/amgpromocionales.mx\/en\/wp-json\/wp\/v2\/comments?post=37462"}],"wp:featuredmedia":[{"embeddable":true,"href":"https:\/\/amgpromocionales.mx\/en\/wp-json\/wp\/v2\/media\/26183"}],"wp:attachment":[{"href":"https:\/\/amgpromocionales.mx\/en\/wp-json\/wp\/v2\/media?parent=37462"}],"wp:term":[{"taxonomy":"product_brand","embeddable":true,"href":"https:\/\/amgpromocionales.mx\/en\/wp-json\/wp\/v2\/genre?post=37462"},{"taxonomy":"product_cat","embeddable":true,"href":"https:\/\/amgpromocionales.mx\/en\/wp-json\/wp\/v2\/product_cat?post=37462"},{"taxonomy":"product_tag","embeddable":true,"href":"https:\/\/amgpromocionales.mx\/en\/wp-json\/wp\/v2\/product_tag?post=37462"}],"curies":[{"name":"wp","href":"https:\/\/api.w.org\/{rel}","templated":true}]}}