{"id":37454,"date":"2025-01-12T22:40:43","date_gmt":"2025-01-13T04:40:43","guid":{"rendered":"https:\/\/amgpromocionales.com.mx\/?post_type=product&#038;p=37454"},"modified":"2025-01-20T22:55:30","modified_gmt":"2025-01-21T04:55:30","slug":"taza-a2378","status":"publish","type":"product","link":"https:\/\/amgpromocionales.mx\/en\/shop\/taza-a2378\/","title":{"rendered":"TAZA A2378"},"content":{"rendered":"<p>Taza de sublimaci\u00f3n en color blanco con asa en forma de coraz\u00f3n. Acabado brillante. Este producto necesita ser precalentado antes de someterse al proceso de sublimaci\u00f3n. CAP. 300ml. (10 OZ). Venta en m\u00faltiplos de 12.<\/p>","protected":false},"excerpt":{"rendered":"<p>Taza de sublimaci\u00f3n en color blanco con asa en forma de coraz\u00f3n. Acabado brillante. Este producto necesita ser precalentado antes de someterse al proceso de sublimaci\u00f3n. CAP. 300ml. (10 OZ). Venta en m\u00faltiplos de 12.<\/p>","protected":false},"featured_media":25620,"comment_status":"closed","ping_status":"closed","template":"","meta":[],"genre":[],"product_cat":[298,391],"product_tag":[],"class_list":{"0":"post-37454","1":"product","2":"type-product","3":"status-publish","4":"has-post-thumbnail","6":"product_cat-tazas-y-tarros","7":"product_cat-ver-todo-bebidas","9":"first","10":"instock","11":"shipping-taxable","12":"purchasable","13":"product-type-simple"},"_links":{"self":[{"href":"https:\/\/amgpromocionales.mx\/en\/wp-json\/wp\/v2\/product\/37454","targetHints":{"allow":["GET"]}}],"collection":[{"href":"https:\/\/amgpromocionales.mx\/en\/wp-json\/wp\/v2\/product"}],"about":[{"href":"https:\/\/amgpromocionales.mx\/en\/wp-json\/wp\/v2\/types\/product"}],"replies":[{"embeddable":true,"href":"https:\/\/amgpromocionales.mx\/en\/wp-json\/wp\/v2\/comments?post=37454"}],"wp:featuredmedia":[{"embeddable":true,"href":"https:\/\/amgpromocionales.mx\/en\/wp-json\/wp\/v2\/media\/25620"}],"wp:attachment":[{"href":"https:\/\/amgpromocionales.mx\/en\/wp-json\/wp\/v2\/media?parent=37454"}],"wp:term":[{"taxonomy":"product_brand","embeddable":true,"href":"https:\/\/amgpromocionales.mx\/en\/wp-json\/wp\/v2\/genre?post=37454"},{"taxonomy":"product_cat","embeddable":true,"href":"https:\/\/amgpromocionales.mx\/en\/wp-json\/wp\/v2\/product_cat?post=37454"},{"taxonomy":"product_tag","embeddable":true,"href":"https:\/\/amgpromocionales.mx\/en\/wp-json\/wp\/v2\/product_tag?post=37454"}],"curies":[{"name":"wp","href":"https:\/\/api.w.org\/{rel}","templated":true}]}}