{"id":37440,"date":"2025-01-12T22:40:12","date_gmt":"2025-01-13T04:40:12","guid":{"rendered":"https:\/\/amgpromocionales.com.mx\/?post_type=product&#038;p=37440"},"modified":"2025-01-21T00:27:30","modified_gmt":"2025-01-21T06:27:30","slug":"bateria-a2361","status":"publish","type":"product","link":"https:\/\/amgpromocionales.mx\/en\/shop\/bateria-a2361\/","title":{"rendered":"BATER\u00cdA A2361"},"content":{"rendered":"<p>Bater\u00eda de carga port\u00e1til recargable con adaptador de corriente alterna. El adaptador permite que se conecte a la toma de corriente de pared CA, para realizar f\u00e1cilmente la carga de la bater\u00eda. Cuenta con indicador LED que permite un mejor control del dispositivo. Input: AC 100-240V- 50 \/ 60Hz. Output: DC 5V\/1A. Capacidad 2200 mAh. Incluye cable de micro USB a USB. Certificado CE ROHS FCC. Presentaci\u00f3n: caja en color blanco.<\/p>","protected":false},"excerpt":{"rendered":"<p>Bater\u00eda de carga port\u00e1til recargable con adaptador de corriente alterna. El adaptador permite que se conecte a la toma de corriente de pared CA, para realizar f\u00e1cilmente la carga de la bater\u00eda. Cuenta con indicador LED que permite un mejor control del dispositivo. Input: AC 100-240V- 50 \/ 60Hz. Output: DC 5V\/1A. Capacidad 2200 mAh. [&hellip;]<\/p>","protected":false},"featured_media":26155,"comment_status":"closed","ping_status":"closed","template":"","meta":[],"genre":[],"product_cat":[321,398],"product_tag":[],"class_list":{"0":"post-37440","1":"product","2":"type-product","3":"status-publish","4":"has-post-thumbnail","6":"product_cat-power-banks","7":"product_cat-ver-todo-tecnologia","9":"first","10":"instock","11":"shipping-taxable","12":"purchasable","13":"product-type-variable"},"_links":{"self":[{"href":"https:\/\/amgpromocionales.mx\/en\/wp-json\/wp\/v2\/product\/37440","targetHints":{"allow":["GET"]}}],"collection":[{"href":"https:\/\/amgpromocionales.mx\/en\/wp-json\/wp\/v2\/product"}],"about":[{"href":"https:\/\/amgpromocionales.mx\/en\/wp-json\/wp\/v2\/types\/product"}],"replies":[{"embeddable":true,"href":"https:\/\/amgpromocionales.mx\/en\/wp-json\/wp\/v2\/comments?post=37440"}],"wp:featuredmedia":[{"embeddable":true,"href":"https:\/\/amgpromocionales.mx\/en\/wp-json\/wp\/v2\/media\/26155"}],"wp:attachment":[{"href":"https:\/\/amgpromocionales.mx\/en\/wp-json\/wp\/v2\/media?parent=37440"}],"wp:term":[{"taxonomy":"product_brand","embeddable":true,"href":"https:\/\/amgpromocionales.mx\/en\/wp-json\/wp\/v2\/genre?post=37440"},{"taxonomy":"product_cat","embeddable":true,"href":"https:\/\/amgpromocionales.mx\/en\/wp-json\/wp\/v2\/product_cat?post=37440"},{"taxonomy":"product_tag","embeddable":true,"href":"https:\/\/amgpromocionales.mx\/en\/wp-json\/wp\/v2\/product_tag?post=37440"}],"curies":[{"name":"wp","href":"https:\/\/api.w.org\/{rel}","templated":true}]}}