{"id":37433,"date":"2025-01-12T22:40:10","date_gmt":"2025-01-13T04:40:10","guid":{"rendered":"https:\/\/amgpromocionales.com.mx\/?post_type=product&#038;p=37433"},"modified":"2025-01-20T23:23:28","modified_gmt":"2025-01-21T05:23:28","slug":"cilindro-a2352","status":"publish","type":"product","link":"https:\/\/amgpromocionales.mx\/en\/shop\/cilindro-a2352\/","title":{"rendered":"CILINDRO A2352"},"content":{"rendered":"<p>Cilindro de vidrio borosilicato de mayor resistencia ante el calor y los cambios de temperatura. Con tapa de rosca met\u00e1lica, agarradera y funda protectora de neopreno. Para consumir bebidas de manera saludable, sin alterar el sabor o composici\u00f3n de los l\u00edquidos. CAP. 1000 ml. Presentaci\u00f3n: caja en color negro.<\/p>","protected":false},"excerpt":{"rendered":"<p>Cilindro de vidrio borosilicato de mayor resistencia ante el calor y los cambios de temperatura. Con tapa de rosca met\u00e1lica, agarradera y funda protectora de neopreno. Para consumir bebidas de manera saludable, sin alterar el sabor o composici\u00f3n de los l\u00edquidos. CAP. 1000 ml. Presentaci\u00f3n: caja en color negro.<\/p>","protected":false},"featured_media":20137,"comment_status":"closed","ping_status":"closed","template":"","meta":[],"genre":[],"product_cat":[324,391],"product_tag":[],"class_list":{"0":"post-37433","1":"product","2":"type-product","3":"status-publish","4":"has-post-thumbnail","6":"product_cat-cilindros-y-vasos-bebidas","7":"product_cat-ver-todo-bebidas","9":"first","10":"instock","11":"shipping-taxable","12":"purchasable","13":"product-type-simple"},"_links":{"self":[{"href":"https:\/\/amgpromocionales.mx\/en\/wp-json\/wp\/v2\/product\/37433","targetHints":{"allow":["GET"]}}],"collection":[{"href":"https:\/\/amgpromocionales.mx\/en\/wp-json\/wp\/v2\/product"}],"about":[{"href":"https:\/\/amgpromocionales.mx\/en\/wp-json\/wp\/v2\/types\/product"}],"replies":[{"embeddable":true,"href":"https:\/\/amgpromocionales.mx\/en\/wp-json\/wp\/v2\/comments?post=37433"}],"wp:featuredmedia":[{"embeddable":true,"href":"https:\/\/amgpromocionales.mx\/en\/wp-json\/wp\/v2\/media\/20137"}],"wp:attachment":[{"href":"https:\/\/amgpromocionales.mx\/en\/wp-json\/wp\/v2\/media?parent=37433"}],"wp:term":[{"taxonomy":"product_brand","embeddable":true,"href":"https:\/\/amgpromocionales.mx\/en\/wp-json\/wp\/v2\/genre?post=37433"},{"taxonomy":"product_cat","embeddable":true,"href":"https:\/\/amgpromocionales.mx\/en\/wp-json\/wp\/v2\/product_cat?post=37433"},{"taxonomy":"product_tag","embeddable":true,"href":"https:\/\/amgpromocionales.mx\/en\/wp-json\/wp\/v2\/product_tag?post=37433"}],"curies":[{"name":"wp","href":"https:\/\/api.w.org\/{rel}","templated":true}]}}