{"id":37430,"date":"2025-01-12T22:40:04","date_gmt":"2025-01-13T04:40:04","guid":{"rendered":"https:\/\/amgpromocionales.com.mx\/?post_type=product&#038;p=37430"},"modified":"2025-01-20T23:23:30","modified_gmt":"2025-01-21T05:23:30","slug":"cilindro-a2347","status":"publish","type":"product","link":"https:\/\/amgpromocionales.mx\/en\/shop\/cilindro-a2347\/","title":{"rendered":"CILINDRO A2347"},"content":{"rendered":"<p>Cilindro de pl\u00e1stico transparente con bot\u00f3n atomizador, el cual permite refrescarse con un fino rociado del l\u00edquido. Cuenta con v\u00e1lvula de presi\u00f3n y sellado herm\u00e9tico. Lleva una pr\u00e1ctica asa en color para sujetarlo y transportarlo f\u00e1cilmente. CAP. 600 ml. Presentaci\u00f3n: caja en color blanco. Si no hay existencias del color que requieres, puedes adquirir el cilindro transparente sin asa y comprar por separado las asas (anillos) del color deseado. Tenemos stock adicional de asas A2347A, en colores rojo, verde claro, azul y gris.<\/p>","protected":false},"excerpt":{"rendered":"<p>Cilindro de pl\u00e1stico transparente con bot\u00f3n atomizador, el cual permite refrescarse con un fino rociado del l\u00edquido. Cuenta con v\u00e1lvula de presi\u00f3n y sellado herm\u00e9tico. Lleva una pr\u00e1ctica asa en color para sujetarlo y transportarlo f\u00e1cilmente. CAP. 600 ml. Presentaci\u00f3n: caja en color blanco. Si no hay existencias del color que requieres, puedes adquirir el [&hellip;]<\/p>","protected":false},"featured_media":20122,"comment_status":"closed","ping_status":"closed","template":"","meta":[],"genre":[],"product_cat":[324,391],"product_tag":[],"class_list":{"0":"post-37430","1":"product","2":"type-product","3":"status-publish","4":"has-post-thumbnail","6":"product_cat-cilindros-y-vasos-bebidas","7":"product_cat-ver-todo-bebidas","9":"first","10":"instock","11":"shipping-taxable","12":"purchasable","13":"product-type-variable"},"_links":{"self":[{"href":"https:\/\/amgpromocionales.mx\/en\/wp-json\/wp\/v2\/product\/37430","targetHints":{"allow":["GET"]}}],"collection":[{"href":"https:\/\/amgpromocionales.mx\/en\/wp-json\/wp\/v2\/product"}],"about":[{"href":"https:\/\/amgpromocionales.mx\/en\/wp-json\/wp\/v2\/types\/product"}],"replies":[{"embeddable":true,"href":"https:\/\/amgpromocionales.mx\/en\/wp-json\/wp\/v2\/comments?post=37430"}],"wp:featuredmedia":[{"embeddable":true,"href":"https:\/\/amgpromocionales.mx\/en\/wp-json\/wp\/v2\/media\/20122"}],"wp:attachment":[{"href":"https:\/\/amgpromocionales.mx\/en\/wp-json\/wp\/v2\/media?parent=37430"}],"wp:term":[{"taxonomy":"product_brand","embeddable":true,"href":"https:\/\/amgpromocionales.mx\/en\/wp-json\/wp\/v2\/genre?post=37430"},{"taxonomy":"product_cat","embeddable":true,"href":"https:\/\/amgpromocionales.mx\/en\/wp-json\/wp\/v2\/product_cat?post=37430"},{"taxonomy":"product_tag","embeddable":true,"href":"https:\/\/amgpromocionales.mx\/en\/wp-json\/wp\/v2\/product_tag?post=37430"}],"curies":[{"name":"wp","href":"https:\/\/api.w.org\/{rel}","templated":true}]}}