{"id":37429,"date":"2025-01-12T22:40:04","date_gmt":"2025-01-13T04:40:04","guid":{"rendered":"https:\/\/amgpromocionales.com.mx\/?post_type=product&#038;p=37429"},"modified":"2025-01-20T23:23:31","modified_gmt":"2025-01-21T05:23:31","slug":"novedoso-a2346","status":"publish","type":"product","link":"https:\/\/amgpromocionales.mx\/en\/shop\/novedoso-a2346\/","title":{"rendered":"NOVEDOSO A2346"},"content":{"rendered":"<p>Novedoso cilindro de pl\u00e1stico transparente con peculiar dise\u00f1o en forma de cajita para jugo. Cuenta con asa giratoria en colores pastel, la cual al deslizarse hacia un lado permite que se expulse el popote. Al regresar el asa a la posici\u00f3n vertical, el popote vuelve a colocarse en su lugar. El popote es de silic\u00f3n, no t\u00f3xico, para consumir en forma sana sus bebidas favoritas. La tapa sella a presi\u00f3n y cuenta con seguro para l\u00edquidos. CAP. 280 ml. Presentaci\u00f3n: caja en color blanco.<\/p>","protected":false},"excerpt":{"rendered":"<p>Novedoso cilindro de pl\u00e1stico transparente con peculiar dise\u00f1o en forma de cajita para jugo. Cuenta con asa giratoria en colores pastel, la cual al deslizarse hacia un lado permite que se expulse el popote. Al regresar el asa a la posici\u00f3n vertical, el popote vuelve a colocarse en su lugar. El popote es de silic\u00f3n, [&hellip;]<\/p>","protected":false},"featured_media":20115,"comment_status":"closed","ping_status":"closed","template":"","meta":[],"genre":[],"product_cat":[324,391],"product_tag":[],"class_list":{"0":"post-37429","1":"product","2":"type-product","3":"status-publish","4":"has-post-thumbnail","6":"product_cat-cilindros-y-vasos-bebidas","7":"product_cat-ver-todo-bebidas","9":"first","10":"instock","11":"shipping-taxable","12":"purchasable","13":"product-type-simple"},"_links":{"self":[{"href":"https:\/\/amgpromocionales.mx\/en\/wp-json\/wp\/v2\/product\/37429","targetHints":{"allow":["GET"]}}],"collection":[{"href":"https:\/\/amgpromocionales.mx\/en\/wp-json\/wp\/v2\/product"}],"about":[{"href":"https:\/\/amgpromocionales.mx\/en\/wp-json\/wp\/v2\/types\/product"}],"replies":[{"embeddable":true,"href":"https:\/\/amgpromocionales.mx\/en\/wp-json\/wp\/v2\/comments?post=37429"}],"wp:featuredmedia":[{"embeddable":true,"href":"https:\/\/amgpromocionales.mx\/en\/wp-json\/wp\/v2\/media\/20115"}],"wp:attachment":[{"href":"https:\/\/amgpromocionales.mx\/en\/wp-json\/wp\/v2\/media?parent=37429"}],"wp:term":[{"taxonomy":"product_brand","embeddable":true,"href":"https:\/\/amgpromocionales.mx\/en\/wp-json\/wp\/v2\/genre?post=37429"},{"taxonomy":"product_cat","embeddable":true,"href":"https:\/\/amgpromocionales.mx\/en\/wp-json\/wp\/v2\/product_cat?post=37429"},{"taxonomy":"product_tag","embeddable":true,"href":"https:\/\/amgpromocionales.mx\/en\/wp-json\/wp\/v2\/product_tag?post=37429"}],"curies":[{"name":"wp","href":"https:\/\/api.w.org\/{rel}","templated":true}]}}