{"id":37428,"date":"2025-01-12T22:40:04","date_gmt":"2025-01-13T04:40:04","guid":{"rendered":"https:\/\/amgpromocionales.com.mx\/?post_type=product&#038;p=37428"},"modified":"2025-01-20T23:23:32","modified_gmt":"2025-01-21T05:23:32","slug":"vaso-a2345","status":"publish","type":"product","link":"https:\/\/amgpromocionales.mx\/en\/shop\/vaso-a2345\/","title":{"rendered":"VASO A2345"},"content":{"rendered":"<p>Vaso de pl\u00e1stico con tapa de presi\u00f3n y v\u00e1lvula de seguridad con banda protectora en la parte inferior de termopl\u00e1stico. Libre de BPA. CAP. 400 ml.<\/p>","protected":false},"excerpt":{"rendered":"<p>Vaso de pl\u00e1stico con tapa de presi\u00f3n y v\u00e1lvula de seguridad con banda protectora en la parte inferior de termopl\u00e1stico. Libre de BPA. CAP. 400 ml.<\/p>","protected":false},"featured_media":20108,"comment_status":"closed","ping_status":"closed","template":"","meta":[],"genre":[],"product_cat":[324,391],"product_tag":[],"class_list":{"0":"post-37428","1":"product","2":"type-product","3":"status-publish","4":"has-post-thumbnail","6":"product_cat-cilindros-y-vasos-bebidas","7":"product_cat-ver-todo-bebidas","9":"first","10":"instock","11":"shipping-taxable","12":"purchasable","13":"product-type-variable"},"_links":{"self":[{"href":"https:\/\/amgpromocionales.mx\/en\/wp-json\/wp\/v2\/product\/37428","targetHints":{"allow":["GET"]}}],"collection":[{"href":"https:\/\/amgpromocionales.mx\/en\/wp-json\/wp\/v2\/product"}],"about":[{"href":"https:\/\/amgpromocionales.mx\/en\/wp-json\/wp\/v2\/types\/product"}],"replies":[{"embeddable":true,"href":"https:\/\/amgpromocionales.mx\/en\/wp-json\/wp\/v2\/comments?post=37428"}],"wp:featuredmedia":[{"embeddable":true,"href":"https:\/\/amgpromocionales.mx\/en\/wp-json\/wp\/v2\/media\/20108"}],"wp:attachment":[{"href":"https:\/\/amgpromocionales.mx\/en\/wp-json\/wp\/v2\/media?parent=37428"}],"wp:term":[{"taxonomy":"product_brand","embeddable":true,"href":"https:\/\/amgpromocionales.mx\/en\/wp-json\/wp\/v2\/genre?post=37428"},{"taxonomy":"product_cat","embeddable":true,"href":"https:\/\/amgpromocionales.mx\/en\/wp-json\/wp\/v2\/product_cat?post=37428"},{"taxonomy":"product_tag","embeddable":true,"href":"https:\/\/amgpromocionales.mx\/en\/wp-json\/wp\/v2\/product_tag?post=37428"}],"curies":[{"name":"wp","href":"https:\/\/api.w.org\/{rel}","templated":true}]}}