{"id":37414,"date":"2025-01-12T22:39:47","date_gmt":"2025-01-13T04:39:47","guid":{"rendered":"https:\/\/amgpromocionales.com.mx\/?post_type=product&#038;p=37414"},"modified":"2025-01-20T23:35:50","modified_gmt":"2025-01-21T05:35:50","slug":"novedoso-a2323","status":"publish","type":"product","link":"https:\/\/amgpromocionales.mx\/en\/shop\/novedoso-a2323\/","title":{"rendered":"NOVEDOSO A2323"},"content":{"rendered":"<p>Novedoso bol\u00edgrafo pl\u00e1stico con cuerpo en color, con uni\u00f3n de resorte al bol\u00edgrafo, donde lleva colocado un clip intercambiable en diferentes colores. Desarrollado bajo el concepto Mix and Match, brinda la posibilidad de hacer gran cantidad de combinaciones con el clip intercambiable, que vayan de acuerdo a los gustos y requerimientos de los usuarios. Mecanismo de click. Elige el color del clip de tu preferencia (MOD. A2417).<\/p>","protected":false},"excerpt":{"rendered":"<p>Novedoso bol\u00edgrafo pl\u00e1stico con cuerpo en color, con uni\u00f3n de resorte al bol\u00edgrafo, donde lleva colocado un clip intercambiable en diferentes colores. Desarrollado bajo el concepto Mix and Match, brinda la posibilidad de hacer gran cantidad de combinaciones con el clip intercambiable, que vayan de acuerdo a los gustos y requerimientos de los usuarios. Mecanismo [&hellip;]<\/p>","protected":false},"featured_media":21264,"comment_status":"closed","ping_status":"closed","template":"","meta":[],"genre":[],"product_cat":[266,392],"product_tag":[],"class_list":{"0":"post-37414","1":"product","2":"type-product","3":"status-publish","4":"has-post-thumbnail","6":"product_cat-boligrafos-plasticos","7":"product_cat-ver-todo-boligrafos-y-lapices","9":"first","10":"instock","11":"shipping-taxable","12":"purchasable","13":"product-type-variable"},"_links":{"self":[{"href":"https:\/\/amgpromocionales.mx\/en\/wp-json\/wp\/v2\/product\/37414","targetHints":{"allow":["GET"]}}],"collection":[{"href":"https:\/\/amgpromocionales.mx\/en\/wp-json\/wp\/v2\/product"}],"about":[{"href":"https:\/\/amgpromocionales.mx\/en\/wp-json\/wp\/v2\/types\/product"}],"replies":[{"embeddable":true,"href":"https:\/\/amgpromocionales.mx\/en\/wp-json\/wp\/v2\/comments?post=37414"}],"wp:featuredmedia":[{"embeddable":true,"href":"https:\/\/amgpromocionales.mx\/en\/wp-json\/wp\/v2\/media\/21264"}],"wp:attachment":[{"href":"https:\/\/amgpromocionales.mx\/en\/wp-json\/wp\/v2\/media?parent=37414"}],"wp:term":[{"taxonomy":"product_brand","embeddable":true,"href":"https:\/\/amgpromocionales.mx\/en\/wp-json\/wp\/v2\/genre?post=37414"},{"taxonomy":"product_cat","embeddable":true,"href":"https:\/\/amgpromocionales.mx\/en\/wp-json\/wp\/v2\/product_cat?post=37414"},{"taxonomy":"product_tag","embeddable":true,"href":"https:\/\/amgpromocionales.mx\/en\/wp-json\/wp\/v2\/product_tag?post=37414"}],"curies":[{"name":"wp","href":"https:\/\/api.w.org\/{rel}","templated":true}]}}