{"id":37413,"date":"2025-01-12T22:39:43","date_gmt":"2025-01-13T04:39:43","guid":{"rendered":"https:\/\/amgpromocionales.com.mx\/?post_type=product&#038;p=37413"},"modified":"2025-01-20T23:35:51","modified_gmt":"2025-01-21T05:35:51","slug":"boligrafo-a2322","status":"publish","type":"product","link":"https:\/\/amgpromocionales.mx\/en\/shop\/boligrafo-a2322\/","title":{"rendered":"BOL\u00cdGRAFO A2322"},"content":{"rendered":"<p>Bol\u00edgrafo pl\u00e1stico con terminado metalizado. Tiene integradas 3 tintas: negra, roja y azul. Parte inferior con goma antideslizante en negro con detalles de arillos en gris. Cuenta con touch para dispositivos t\u00e1ctiles. Mecanismo deslizante para cambio de tinta.<\/p>","protected":false},"excerpt":{"rendered":"<p>Bol\u00edgrafo pl\u00e1stico con terminado metalizado. Tiene integradas 3 tintas: negra, roja y azul. Parte inferior con goma antideslizante en negro con detalles de arillos en gris. Cuenta con touch para dispositivos t\u00e1ctiles. Mecanismo deslizante para cambio de tinta.<\/p>","protected":false},"featured_media":21253,"comment_status":"closed","ping_status":"closed","template":"","meta":[],"genre":[],"product_cat":[266,392],"product_tag":[],"class_list":{"0":"post-37413","1":"product","2":"type-product","3":"status-publish","4":"has-post-thumbnail","6":"product_cat-boligrafos-plasticos","7":"product_cat-ver-todo-boligrafos-y-lapices","9":"first","10":"instock","11":"shipping-taxable","12":"purchasable","13":"product-type-variable"},"_links":{"self":[{"href":"https:\/\/amgpromocionales.mx\/en\/wp-json\/wp\/v2\/product\/37413","targetHints":{"allow":["GET"]}}],"collection":[{"href":"https:\/\/amgpromocionales.mx\/en\/wp-json\/wp\/v2\/product"}],"about":[{"href":"https:\/\/amgpromocionales.mx\/en\/wp-json\/wp\/v2\/types\/product"}],"replies":[{"embeddable":true,"href":"https:\/\/amgpromocionales.mx\/en\/wp-json\/wp\/v2\/comments?post=37413"}],"wp:featuredmedia":[{"embeddable":true,"href":"https:\/\/amgpromocionales.mx\/en\/wp-json\/wp\/v2\/media\/21253"}],"wp:attachment":[{"href":"https:\/\/amgpromocionales.mx\/en\/wp-json\/wp\/v2\/media?parent=37413"}],"wp:term":[{"taxonomy":"product_brand","embeddable":true,"href":"https:\/\/amgpromocionales.mx\/en\/wp-json\/wp\/v2\/genre?post=37413"},{"taxonomy":"product_cat","embeddable":true,"href":"https:\/\/amgpromocionales.mx\/en\/wp-json\/wp\/v2\/product_cat?post=37413"},{"taxonomy":"product_tag","embeddable":true,"href":"https:\/\/amgpromocionales.mx\/en\/wp-json\/wp\/v2\/product_tag?post=37413"}],"curies":[{"name":"wp","href":"https:\/\/api.w.org\/{rel}","templated":true}]}}