{"id":37410,"date":"2025-01-12T22:39:30","date_gmt":"2025-01-13T04:39:30","guid":{"rendered":"https:\/\/amgpromocionales.com.mx\/?post_type=product&#038;p=37410"},"modified":"2025-01-20T23:35:53","modified_gmt":"2025-01-21T05:35:53","slug":"boligrafo-a2320a","status":"publish","type":"product","link":"https:\/\/amgpromocionales.mx\/en\/shop\/boligrafo-a2320a\/","title":{"rendered":"BOL\u00cdGRAFO A2320A"},"content":{"rendered":"<p>Bol\u00edgrafo de pl\u00e1stico de tinta azul, cuerpo blanco con punta y bot\u00f3n en color. Mecanismo de click.<\/p>","protected":false},"excerpt":{"rendered":"<p>Bol\u00edgrafo de pl\u00e1stico de tinta azul, cuerpo blanco con punta y bot\u00f3n en color. Mecanismo de click.<\/p>","protected":false},"featured_media":21225,"comment_status":"closed","ping_status":"closed","template":"","meta":[],"genre":[],"product_cat":[266,392],"product_tag":[],"class_list":{"0":"post-37410","1":"product","2":"type-product","3":"status-publish","4":"has-post-thumbnail","6":"product_cat-boligrafos-plasticos","7":"product_cat-ver-todo-boligrafos-y-lapices","9":"first","10":"instock","11":"shipping-taxable","12":"purchasable","13":"product-type-variable"},"_links":{"self":[{"href":"https:\/\/amgpromocionales.mx\/en\/wp-json\/wp\/v2\/product\/37410","targetHints":{"allow":["GET"]}}],"collection":[{"href":"https:\/\/amgpromocionales.mx\/en\/wp-json\/wp\/v2\/product"}],"about":[{"href":"https:\/\/amgpromocionales.mx\/en\/wp-json\/wp\/v2\/types\/product"}],"replies":[{"embeddable":true,"href":"https:\/\/amgpromocionales.mx\/en\/wp-json\/wp\/v2\/comments?post=37410"}],"wp:featuredmedia":[{"embeddable":true,"href":"https:\/\/amgpromocionales.mx\/en\/wp-json\/wp\/v2\/media\/21225"}],"wp:attachment":[{"href":"https:\/\/amgpromocionales.mx\/en\/wp-json\/wp\/v2\/media?parent=37410"}],"wp:term":[{"taxonomy":"product_brand","embeddable":true,"href":"https:\/\/amgpromocionales.mx\/en\/wp-json\/wp\/v2\/genre?post=37410"},{"taxonomy":"product_cat","embeddable":true,"href":"https:\/\/amgpromocionales.mx\/en\/wp-json\/wp\/v2\/product_cat?post=37410"},{"taxonomy":"product_tag","embeddable":true,"href":"https:\/\/amgpromocionales.mx\/en\/wp-json\/wp\/v2\/product_tag?post=37410"}],"curies":[{"name":"wp","href":"https:\/\/api.w.org\/{rel}","templated":true}]}}