{"id":37408,"date":"2025-01-12T22:39:30","date_gmt":"2025-01-13T04:39:30","guid":{"rendered":"https:\/\/amgpromocionales.com.mx\/?post_type=product&#038;p=37408"},"modified":"2025-01-21T00:19:08","modified_gmt":"2025-01-21T06:19:08","slug":"mini-a2318","status":"publish","type":"product","link":"https:\/\/amgpromocionales.mx\/en\/shop\/mini-a2318\/","title":{"rendered":"MINI A2318"},"content":{"rendered":"<p>Mini teclado inal\u00e1mbrico con touch pad y apuntador l\u00e1ser. Ideal para facilitar y controlar presentaciones y conferencias sin a\u00f1adir demasiados equipos. Dispone de un rango de operaci\u00f3n aproximado de 12 mts, no es necesario apuntar y\/o estar cerca del dispositivo para su funcionamiento. Puede verse en la oscuridad, debido a que su teclado cuenta con luz de fondo LED. Producto de alta calidad que une la \u00faltima tecnolog\u00eda a un m\u00ednimo tama\u00f1o y gran autonom\u00eda. Presentaci\u00f3n: caja de regalo a color.<\/p>","protected":false},"excerpt":{"rendered":"<p>Mini teclado inal\u00e1mbrico con touch pad y apuntador l\u00e1ser. Ideal para facilitar y controlar presentaciones y conferencias sin a\u00f1adir demasiados equipos. Dispone de un rango de operaci\u00f3n aproximado de 12 mts, no es necesario apuntar y\/o estar cerca del dispositivo para su funcionamiento. Puede verse en la oscuridad, debido a que su teclado cuenta con [&hellip;]<\/p>","protected":false},"featured_media":26132,"comment_status":"closed","ping_status":"closed","template":"","meta":[],"genre":[],"product_cat":[337,398],"product_tag":[],"class_list":{"0":"post-37408","1":"product","2":"type-product","3":"status-publish","4":"has-post-thumbnail","6":"product_cat-accesorios-para-celular","7":"product_cat-ver-todo-tecnologia","9":"first","10":"instock","11":"shipping-taxable","12":"purchasable","13":"product-type-simple"},"_links":{"self":[{"href":"https:\/\/amgpromocionales.mx\/en\/wp-json\/wp\/v2\/product\/37408","targetHints":{"allow":["GET"]}}],"collection":[{"href":"https:\/\/amgpromocionales.mx\/en\/wp-json\/wp\/v2\/product"}],"about":[{"href":"https:\/\/amgpromocionales.mx\/en\/wp-json\/wp\/v2\/types\/product"}],"replies":[{"embeddable":true,"href":"https:\/\/amgpromocionales.mx\/en\/wp-json\/wp\/v2\/comments?post=37408"}],"wp:featuredmedia":[{"embeddable":true,"href":"https:\/\/amgpromocionales.mx\/en\/wp-json\/wp\/v2\/media\/26132"}],"wp:attachment":[{"href":"https:\/\/amgpromocionales.mx\/en\/wp-json\/wp\/v2\/media?parent=37408"}],"wp:term":[{"taxonomy":"product_brand","embeddable":true,"href":"https:\/\/amgpromocionales.mx\/en\/wp-json\/wp\/v2\/genre?post=37408"},{"taxonomy":"product_cat","embeddable":true,"href":"https:\/\/amgpromocionales.mx\/en\/wp-json\/wp\/v2\/product_cat?post=37408"},{"taxonomy":"product_tag","embeddable":true,"href":"https:\/\/amgpromocionales.mx\/en\/wp-json\/wp\/v2\/product_tag?post=37408"}],"curies":[{"name":"wp","href":"https:\/\/api.w.org\/{rel}","templated":true}]}}