{"id":37394,"date":"2025-01-12T22:39:13","date_gmt":"2025-01-13T04:39:13","guid":{"rendered":"https:\/\/amgpromocionales.com.mx\/?post_type=product&#038;p=37394"},"modified":"2025-01-20T23:30:04","modified_gmt":"2025-01-21T05:30:04","slug":"boligrafo-a2289","status":"publish","type":"product","link":"https:\/\/amgpromocionales.mx\/en\/shop\/boligrafo-a2289\/","title":{"rendered":"BOL\u00cdGRAFO A2289"},"content":{"rendered":"<p>Bol\u00edgrafo con un refinado dise\u00f1o en l\u00edneas horizontales de realce, punta de acero inoxidable, clip y anillo en color plata, con puntero para pantallas t\u00e1ctiles. Escriba con comodidad y elegancia. Mecanismo retr\u00e1ctil. Presentaci\u00f3n: caja en color negro.<\/p>","protected":false},"excerpt":{"rendered":"<p>Bol\u00edgrafo con un refinado dise\u00f1o en l\u00edneas horizontales de realce, punta de acero inoxidable, clip y anillo en color plata, con puntero para pantallas t\u00e1ctiles. Escriba con comodidad y elegancia. Mecanismo retr\u00e1ctil. Presentaci\u00f3n: caja en color negro.<\/p>","protected":false},"featured_media":21219,"comment_status":"closed","ping_status":"closed","template":"","meta":[],"genre":[],"product_cat":[265,392],"product_tag":[],"class_list":{"0":"post-37394","1":"product","2":"type-product","3":"status-publish","4":"has-post-thumbnail","6":"product_cat-boligrafos-metalicos","7":"product_cat-ver-todo-boligrafos-y-lapices","9":"first","10":"instock","11":"shipping-taxable","12":"purchasable","13":"product-type-simple"},"_links":{"self":[{"href":"https:\/\/amgpromocionales.mx\/en\/wp-json\/wp\/v2\/product\/37394","targetHints":{"allow":["GET"]}}],"collection":[{"href":"https:\/\/amgpromocionales.mx\/en\/wp-json\/wp\/v2\/product"}],"about":[{"href":"https:\/\/amgpromocionales.mx\/en\/wp-json\/wp\/v2\/types\/product"}],"replies":[{"embeddable":true,"href":"https:\/\/amgpromocionales.mx\/en\/wp-json\/wp\/v2\/comments?post=37394"}],"wp:featuredmedia":[{"embeddable":true,"href":"https:\/\/amgpromocionales.mx\/en\/wp-json\/wp\/v2\/media\/21219"}],"wp:attachment":[{"href":"https:\/\/amgpromocionales.mx\/en\/wp-json\/wp\/v2\/media?parent=37394"}],"wp:term":[{"taxonomy":"product_brand","embeddable":true,"href":"https:\/\/amgpromocionales.mx\/en\/wp-json\/wp\/v2\/genre?post=37394"},{"taxonomy":"product_cat","embeddable":true,"href":"https:\/\/amgpromocionales.mx\/en\/wp-json\/wp\/v2\/product_cat?post=37394"},{"taxonomy":"product_tag","embeddable":true,"href":"https:\/\/amgpromocionales.mx\/en\/wp-json\/wp\/v2\/product_tag?post=37394"}],"curies":[{"name":"wp","href":"https:\/\/api.w.org\/{rel}","templated":true}]}}