{"id":37388,"date":"2025-01-12T22:39:12","date_gmt":"2025-01-13T04:39:12","guid":{"rendered":"https:\/\/amgpromocionales.com.mx\/?post_type=product&#038;p=37388"},"modified":"2025-01-21T00:25:55","modified_gmt":"2025-01-21T06:25:55","slug":"cargador-a2277","status":"publish","type":"product","link":"https:\/\/amgpromocionales.mx\/en\/shop\/cargador-a2277\/","title":{"rendered":"CARGADOR A2277"},"content":{"rendered":"<p>Cargador para autom\u00f3vil con 2 entradas USB. Fino detalle de color trasl\u00facido en contorno. Voltaje 5.1V, 1A y 2.1A. Presentaci\u00f3n: caja en color blanco.<\/p>","protected":false},"excerpt":{"rendered":"<p>Cargador para autom\u00f3vil con 2 entradas USB. Fino detalle de color trasl\u00facido en contorno. Voltaje 5.1V, 1A y 2.1A. Presentaci\u00f3n: caja en color blanco.<\/p>","protected":false},"featured_media":26121,"comment_status":"closed","ping_status":"closed","template":"","meta":[],"genre":[],"product_cat":[322,398],"product_tag":[],"class_list":{"0":"post-37388","1":"product","2":"type-product","3":"status-publish","4":"has-post-thumbnail","6":"product_cat-cargadores-y-accesorios","7":"product_cat-ver-todo-tecnologia","9":"first","10":"instock","11":"shipping-taxable","12":"purchasable","13":"product-type-variable"},"_links":{"self":[{"href":"https:\/\/amgpromocionales.mx\/en\/wp-json\/wp\/v2\/product\/37388","targetHints":{"allow":["GET"]}}],"collection":[{"href":"https:\/\/amgpromocionales.mx\/en\/wp-json\/wp\/v2\/product"}],"about":[{"href":"https:\/\/amgpromocionales.mx\/en\/wp-json\/wp\/v2\/types\/product"}],"replies":[{"embeddable":true,"href":"https:\/\/amgpromocionales.mx\/en\/wp-json\/wp\/v2\/comments?post=37388"}],"wp:featuredmedia":[{"embeddable":true,"href":"https:\/\/amgpromocionales.mx\/en\/wp-json\/wp\/v2\/media\/26121"}],"wp:attachment":[{"href":"https:\/\/amgpromocionales.mx\/en\/wp-json\/wp\/v2\/media?parent=37388"}],"wp:term":[{"taxonomy":"product_brand","embeddable":true,"href":"https:\/\/amgpromocionales.mx\/en\/wp-json\/wp\/v2\/genre?post=37388"},{"taxonomy":"product_cat","embeddable":true,"href":"https:\/\/amgpromocionales.mx\/en\/wp-json\/wp\/v2\/product_cat?post=37388"},{"taxonomy":"product_tag","embeddable":true,"href":"https:\/\/amgpromocionales.mx\/en\/wp-json\/wp\/v2\/product_tag?post=37388"}],"curies":[{"name":"wp","href":"https:\/\/api.w.org\/{rel}","templated":true}]}}