{"id":37379,"date":"2025-01-12T22:39:00","date_gmt":"2025-01-13T04:39:00","guid":{"rendered":"https:\/\/amgpromocionales.com.mx\/?post_type=product&#038;p=37379"},"modified":"2025-01-21T00:25:55","modified_gmt":"2025-01-21T06:25:55","slug":"accesorio-a2256","status":"publish","type":"product","link":"https:\/\/amgpromocionales.mx\/en\/shop\/accesorio-a2256\/","title":{"rendered":"ACCESORIO A2256"},"content":{"rendered":"<p>Accesorio de bolsillo para tomar autofotos, ideal para llevar en la bolsa o mochila. El tel\u00e9fono se sujeta con facilidad. Cuenta con cable para transmisi\u00f3n de toma que se conecta a la entrada de audio y bot\u00f3n de disparo. Tubo expandible para mejor manejo. Cord\u00f3n que evita que se caiga de la mano. Medida del tubo extendido: 48.8 cm. Presentaci\u00f3n: caja en color blanco.<\/p>","protected":false},"excerpt":{"rendered":"<p>Accesorio de bolsillo para tomar autofotos, ideal para llevar en la bolsa o mochila. El tel\u00e9fono se sujeta con facilidad. Cuenta con cable para transmisi\u00f3n de toma que se conecta a la entrada de audio y bot\u00f3n de disparo. Tubo expandible para mejor manejo. Cord\u00f3n que evita que se caiga de la mano. Medida del [&hellip;]<\/p>","protected":false},"featured_media":26117,"comment_status":"closed","ping_status":"closed","template":"","meta":[],"genre":[],"product_cat":[322,398],"product_tag":[],"class_list":{"0":"post-37379","1":"product","2":"type-product","3":"status-publish","4":"has-post-thumbnail","6":"product_cat-cargadores-y-accesorios","7":"product_cat-ver-todo-tecnologia","9":"first","10":"instock","11":"shipping-taxable","12":"purchasable","13":"product-type-variable"},"_links":{"self":[{"href":"https:\/\/amgpromocionales.mx\/en\/wp-json\/wp\/v2\/product\/37379","targetHints":{"allow":["GET"]}}],"collection":[{"href":"https:\/\/amgpromocionales.mx\/en\/wp-json\/wp\/v2\/product"}],"about":[{"href":"https:\/\/amgpromocionales.mx\/en\/wp-json\/wp\/v2\/types\/product"}],"replies":[{"embeddable":true,"href":"https:\/\/amgpromocionales.mx\/en\/wp-json\/wp\/v2\/comments?post=37379"}],"wp:featuredmedia":[{"embeddable":true,"href":"https:\/\/amgpromocionales.mx\/en\/wp-json\/wp\/v2\/media\/26117"}],"wp:attachment":[{"href":"https:\/\/amgpromocionales.mx\/en\/wp-json\/wp\/v2\/media?parent=37379"}],"wp:term":[{"taxonomy":"product_brand","embeddable":true,"href":"https:\/\/amgpromocionales.mx\/en\/wp-json\/wp\/v2\/genre?post=37379"},{"taxonomy":"product_cat","embeddable":true,"href":"https:\/\/amgpromocionales.mx\/en\/wp-json\/wp\/v2\/product_cat?post=37379"},{"taxonomy":"product_tag","embeddable":true,"href":"https:\/\/amgpromocionales.mx\/en\/wp-json\/wp\/v2\/product_tag?post=37379"}],"curies":[{"name":"wp","href":"https:\/\/api.w.org\/{rel}","templated":true}]}}