{"id":37374,"date":"2025-01-12T22:38:59","date_gmt":"2025-01-13T04:38:59","guid":{"rendered":"https:\/\/amgpromocionales.com.mx\/?post_type=product&#038;p=37374"},"modified":"2025-01-20T23:33:09","modified_gmt":"2025-01-21T05:33:09","slug":"boligrafo-a2247","status":"publish","type":"product","link":"https:\/\/amgpromocionales.mx\/en\/shop\/boligrafo-a2247\/","title":{"rendered":"BOL\u00cdGRAFO A2247"},"content":{"rendered":"<p>Bol\u00edgrafo de pl\u00e1stico con apariencia met\u00e1lica, parte inferior dise\u00f1ada en color plata que lo hace lucir con gran estilo al contar con peque\u00f1as hendiduras en forma oval para una mejor sujeci\u00f3n, touch en color negro. Mecanismo retr\u00e1ctil.<\/p>","protected":false},"excerpt":{"rendered":"<p>Bol\u00edgrafo de pl\u00e1stico con apariencia met\u00e1lica, parte inferior dise\u00f1ada en color plata que lo hace lucir con gran estilo al contar con peque\u00f1as hendiduras en forma oval para una mejor sujeci\u00f3n, touch en color negro. Mecanismo retr\u00e1ctil.<\/p>","protected":false},"featured_media":21183,"comment_status":"closed","ping_status":"closed","template":"","meta":[],"genre":[],"product_cat":[266,392],"product_tag":[],"class_list":{"0":"post-37374","1":"product","2":"type-product","3":"status-publish","4":"has-post-thumbnail","6":"product_cat-boligrafos-plasticos","7":"product_cat-ver-todo-boligrafos-y-lapices","9":"first","10":"instock","11":"shipping-taxable","12":"purchasable","13":"product-type-variable"},"_links":{"self":[{"href":"https:\/\/amgpromocionales.mx\/en\/wp-json\/wp\/v2\/product\/37374","targetHints":{"allow":["GET"]}}],"collection":[{"href":"https:\/\/amgpromocionales.mx\/en\/wp-json\/wp\/v2\/product"}],"about":[{"href":"https:\/\/amgpromocionales.mx\/en\/wp-json\/wp\/v2\/types\/product"}],"replies":[{"embeddable":true,"href":"https:\/\/amgpromocionales.mx\/en\/wp-json\/wp\/v2\/comments?post=37374"}],"wp:featuredmedia":[{"embeddable":true,"href":"https:\/\/amgpromocionales.mx\/en\/wp-json\/wp\/v2\/media\/21183"}],"wp:attachment":[{"href":"https:\/\/amgpromocionales.mx\/en\/wp-json\/wp\/v2\/media?parent=37374"}],"wp:term":[{"taxonomy":"product_brand","embeddable":true,"href":"https:\/\/amgpromocionales.mx\/en\/wp-json\/wp\/v2\/genre?post=37374"},{"taxonomy":"product_cat","embeddable":true,"href":"https:\/\/amgpromocionales.mx\/en\/wp-json\/wp\/v2\/product_cat?post=37374"},{"taxonomy":"product_tag","embeddable":true,"href":"https:\/\/amgpromocionales.mx\/en\/wp-json\/wp\/v2\/product_tag?post=37374"}],"curies":[{"name":"wp","href":"https:\/\/api.w.org\/{rel}","templated":true}]}}