{"id":37373,"date":"2025-01-12T22:38:58","date_gmt":"2025-01-13T04:38:58","guid":{"rendered":"https:\/\/amgpromocionales.com.mx\/?post_type=product&#038;p=37373"},"modified":"2025-01-20T23:33:10","modified_gmt":"2025-01-21T05:33:10","slug":"boligrafo-a2246","status":"publish","type":"product","link":"https:\/\/amgpromocionales.mx\/en\/shop\/boligrafo-a2246\/","title":{"rendered":"BOL\u00cdGRAFO A2246"},"content":{"rendered":"<p>Bol\u00edgrafo de pl\u00e1stico con cuerpo color plata. Su forma en ?s? est\u00e1 dise\u00f1ada para utilizarse como base para tel\u00e9fono celular. Punta touch para pantallas t\u00e1ctiles. Mecanismo retr\u00e1ctil.<\/p>","protected":false},"excerpt":{"rendered":"<p>Bol\u00edgrafo de pl\u00e1stico con cuerpo color plata. Su forma en ?s? est\u00e1 dise\u00f1ada para utilizarse como base para tel\u00e9fono celular. Punta touch para pantallas t\u00e1ctiles. Mecanismo retr\u00e1ctil.<\/p>","protected":false},"featured_media":21177,"comment_status":"closed","ping_status":"closed","template":"","meta":[],"genre":[],"product_cat":[266,392],"product_tag":[],"class_list":{"0":"post-37373","1":"product","2":"type-product","3":"status-publish","4":"has-post-thumbnail","6":"product_cat-boligrafos-plasticos","7":"product_cat-ver-todo-boligrafos-y-lapices","9":"first","10":"instock","11":"shipping-taxable","12":"purchasable","13":"product-type-variable"},"_links":{"self":[{"href":"https:\/\/amgpromocionales.mx\/en\/wp-json\/wp\/v2\/product\/37373","targetHints":{"allow":["GET"]}}],"collection":[{"href":"https:\/\/amgpromocionales.mx\/en\/wp-json\/wp\/v2\/product"}],"about":[{"href":"https:\/\/amgpromocionales.mx\/en\/wp-json\/wp\/v2\/types\/product"}],"replies":[{"embeddable":true,"href":"https:\/\/amgpromocionales.mx\/en\/wp-json\/wp\/v2\/comments?post=37373"}],"wp:featuredmedia":[{"embeddable":true,"href":"https:\/\/amgpromocionales.mx\/en\/wp-json\/wp\/v2\/media\/21177"}],"wp:attachment":[{"href":"https:\/\/amgpromocionales.mx\/en\/wp-json\/wp\/v2\/media?parent=37373"}],"wp:term":[{"taxonomy":"product_brand","embeddable":true,"href":"https:\/\/amgpromocionales.mx\/en\/wp-json\/wp\/v2\/genre?post=37373"},{"taxonomy":"product_cat","embeddable":true,"href":"https:\/\/amgpromocionales.mx\/en\/wp-json\/wp\/v2\/product_cat?post=37373"},{"taxonomy":"product_tag","embeddable":true,"href":"https:\/\/amgpromocionales.mx\/en\/wp-json\/wp\/v2\/product_tag?post=37373"}],"curies":[{"name":"wp","href":"https:\/\/api.w.org\/{rel}","templated":true}]}}