{"id":37367,"date":"2025-01-12T22:38:48","date_gmt":"2025-01-13T04:38:48","guid":{"rendered":"https:\/\/amgpromocionales.com.mx\/?post_type=product&#038;p=37367"},"modified":"2025-01-20T23:57:59","modified_gmt":"2025-01-21T05:57:59","slug":"libreta-a2238","status":"publish","type":"product","link":"https:\/\/amgpromocionales.mx\/en\/shop\/libreta-a2238\/","title":{"rendered":"LIBRETA A2238"},"content":{"rendered":"<p>Libreta de pasta dura plastificada tama\u00f1o A5, 80 hojas rayadas (160 p\u00e1ginas). Incluye separador de list\u00f3n y banda el\u00e1stica para sujetar la cubierta y bol\u00edgrafo (no inclu\u00eddo).<\/p>","protected":false},"excerpt":{"rendered":"<p>Libreta de pasta dura plastificada tama\u00f1o A5, 80 hojas rayadas (160 p\u00e1ginas). Incluye separador de list\u00f3n y banda el\u00e1stica para sujetar la cubierta y bol\u00edgrafo (no inclu\u00eddo).<\/p>","protected":false},"featured_media":23986,"comment_status":"closed","ping_status":"closed","template":"","meta":[],"genre":[],"product_cat":[314,395],"product_tag":[],"class_list":{"0":"post-37367","1":"product","2":"type-product","3":"status-publish","4":"has-post-thumbnail","6":"product_cat-libretas-libretas-y-agendas","7":"product_cat-ver-todo-libretas-y-agendas","9":"first","10":"instock","11":"shipping-taxable","12":"purchasable","13":"product-type-variable"},"_links":{"self":[{"href":"https:\/\/amgpromocionales.mx\/en\/wp-json\/wp\/v2\/product\/37367","targetHints":{"allow":["GET"]}}],"collection":[{"href":"https:\/\/amgpromocionales.mx\/en\/wp-json\/wp\/v2\/product"}],"about":[{"href":"https:\/\/amgpromocionales.mx\/en\/wp-json\/wp\/v2\/types\/product"}],"replies":[{"embeddable":true,"href":"https:\/\/amgpromocionales.mx\/en\/wp-json\/wp\/v2\/comments?post=37367"}],"wp:featuredmedia":[{"embeddable":true,"href":"https:\/\/amgpromocionales.mx\/en\/wp-json\/wp\/v2\/media\/23986"}],"wp:attachment":[{"href":"https:\/\/amgpromocionales.mx\/en\/wp-json\/wp\/v2\/media?parent=37367"}],"wp:term":[{"taxonomy":"product_brand","embeddable":true,"href":"https:\/\/amgpromocionales.mx\/en\/wp-json\/wp\/v2\/genre?post=37367"},{"taxonomy":"product_cat","embeddable":true,"href":"https:\/\/amgpromocionales.mx\/en\/wp-json\/wp\/v2\/product_cat?post=37367"},{"taxonomy":"product_tag","embeddable":true,"href":"https:\/\/amgpromocionales.mx\/en\/wp-json\/wp\/v2\/product_tag?post=37367"}],"curies":[{"name":"wp","href":"https:\/\/api.w.org\/{rel}","templated":true}]}}