{"id":37364,"date":"2025-01-12T22:38:47","date_gmt":"2025-01-13T04:38:47","guid":{"rendered":"https:\/\/amgpromocionales.com.mx\/?post_type=product&#038;p=37364"},"modified":"2025-01-20T23:23:38","modified_gmt":"2025-01-21T05:23:38","slug":"vaso-a2234","status":"publish","type":"product","link":"https:\/\/amgpromocionales.mx\/en\/shop\/vaso-a2234\/","title":{"rendered":"VASO A2234"},"content":{"rendered":"<p>Vaso de pared sencilla libre de BPA, con tapa de rosca de pl\u00e1stico r\u00edgido. Ideal para m\u00e1quina de caf\u00e9 de c\u00e1psulas. No se recomienda usar en microondas, ni en lavavajillas. CAP. 300 ml.<\/p>","protected":false},"excerpt":{"rendered":"<p>Vaso de pared sencilla libre de BPA, con tapa de rosca de pl\u00e1stico r\u00edgido. Ideal para m\u00e1quina de caf\u00e9 de c\u00e1psulas. No se recomienda usar en microondas, ni en lavavajillas. CAP. 300 ml.<\/p>","protected":false},"featured_media":19820,"comment_status":"closed","ping_status":"closed","template":"","meta":[],"genre":[],"product_cat":[324,391],"product_tag":[],"class_list":{"0":"post-37364","1":"product","2":"type-product","3":"status-publish","4":"has-post-thumbnail","6":"product_cat-cilindros-y-vasos-bebidas","7":"product_cat-ver-todo-bebidas","9":"first","10":"instock","11":"shipping-taxable","12":"purchasable","13":"product-type-variable"},"_links":{"self":[{"href":"https:\/\/amgpromocionales.mx\/en\/wp-json\/wp\/v2\/product\/37364","targetHints":{"allow":["GET"]}}],"collection":[{"href":"https:\/\/amgpromocionales.mx\/en\/wp-json\/wp\/v2\/product"}],"about":[{"href":"https:\/\/amgpromocionales.mx\/en\/wp-json\/wp\/v2\/types\/product"}],"replies":[{"embeddable":true,"href":"https:\/\/amgpromocionales.mx\/en\/wp-json\/wp\/v2\/comments?post=37364"}],"wp:featuredmedia":[{"embeddable":true,"href":"https:\/\/amgpromocionales.mx\/en\/wp-json\/wp\/v2\/media\/19820"}],"wp:attachment":[{"href":"https:\/\/amgpromocionales.mx\/en\/wp-json\/wp\/v2\/media?parent=37364"}],"wp:term":[{"taxonomy":"product_brand","embeddable":true,"href":"https:\/\/amgpromocionales.mx\/en\/wp-json\/wp\/v2\/genre?post=37364"},{"taxonomy":"product_cat","embeddable":true,"href":"https:\/\/amgpromocionales.mx\/en\/wp-json\/wp\/v2\/product_cat?post=37364"},{"taxonomy":"product_tag","embeddable":true,"href":"https:\/\/amgpromocionales.mx\/en\/wp-json\/wp\/v2\/product_tag?post=37364"}],"curies":[{"name":"wp","href":"https:\/\/api.w.org\/{rel}","templated":true}]}}