{"id":37363,"date":"2025-01-12T22:38:47","date_gmt":"2025-01-13T04:38:47","guid":{"rendered":"https:\/\/amgpromocionales.com.mx\/?post_type=product&#038;p=37363"},"modified":"2025-01-19T17:45:31","modified_gmt":"2025-01-19T23:45:31","slug":"estuche-a2227","status":"publish","type":"product","link":"https:\/\/amgpromocionales.mx\/en\/shop\/estuche-a2227\/","title":{"rendered":"ESTUCHE A2227"},"content":{"rendered":"<p>Estuche ecol\u00f3gico r\u00edgido en forma de cubo. Contiene block de notas cuadradas de diferentes colores, block de notas amarillas y 5 banderas pl\u00e1sticas de colores con adhesivo. Dise\u00f1ado para escritorio, puede mantenerse abierto para usarse como portalapicera.<\/p>","protected":false},"excerpt":{"rendered":"<p>Estuche ecol\u00f3gico r\u00edgido en forma de cubo. Contiene block de notas cuadradas de diferentes colores, block de notas amarillas y 5 banderas pl\u00e1sticas de colores con adhesivo. Dise\u00f1ado para escritorio, puede mantenerse abierto para usarse como portalapicera.<\/p>","protected":false},"featured_media":23942,"comment_status":"closed","ping_status":"closed","template":"","meta":[],"genre":[],"product_cat":[260],"product_tag":[],"class_list":{"0":"post-37363","1":"product","2":"type-product","3":"status-publish","4":"has-post-thumbnail","6":"product_cat-ecologicos","8":"first","9":"instock","10":"shipping-taxable","11":"purchasable","12":"product-type-simple"},"_links":{"self":[{"href":"https:\/\/amgpromocionales.mx\/en\/wp-json\/wp\/v2\/product\/37363","targetHints":{"allow":["GET"]}}],"collection":[{"href":"https:\/\/amgpromocionales.mx\/en\/wp-json\/wp\/v2\/product"}],"about":[{"href":"https:\/\/amgpromocionales.mx\/en\/wp-json\/wp\/v2\/types\/product"}],"replies":[{"embeddable":true,"href":"https:\/\/amgpromocionales.mx\/en\/wp-json\/wp\/v2\/comments?post=37363"}],"wp:featuredmedia":[{"embeddable":true,"href":"https:\/\/amgpromocionales.mx\/en\/wp-json\/wp\/v2\/media\/23942"}],"wp:attachment":[{"href":"https:\/\/amgpromocionales.mx\/en\/wp-json\/wp\/v2\/media?parent=37363"}],"wp:term":[{"taxonomy":"product_brand","embeddable":true,"href":"https:\/\/amgpromocionales.mx\/en\/wp-json\/wp\/v2\/genre?post=37363"},{"taxonomy":"product_cat","embeddable":true,"href":"https:\/\/amgpromocionales.mx\/en\/wp-json\/wp\/v2\/product_cat?post=37363"},{"taxonomy":"product_tag","embeddable":true,"href":"https:\/\/amgpromocionales.mx\/en\/wp-json\/wp\/v2\/product_tag?post=37363"}],"curies":[{"name":"wp","href":"https:\/\/api.w.org\/{rel}","templated":true}]}}