{"id":37359,"date":"2025-01-12T22:38:39","date_gmt":"2025-01-13T04:38:39","guid":{"rendered":"https:\/\/amgpromocionales.com.mx\/?post_type=product&#038;p=37359"},"modified":"2025-01-21T00:01:13","modified_gmt":"2025-01-21T06:01:13","slug":"set-a2221","status":"publish","type":"product","link":"https:\/\/amgpromocionales.mx\/en\/shop\/set-a2221\/","title":{"rendered":"SET A2221"},"content":{"rendered":"<p>Set de papeler\u00eda que incluye mini despachador de cinta adhesiva, 5 clips sujeta documentos y 20 clips para papel. Presentaci\u00f3n: estuche de pl\u00e1stico transparente.<\/p>","protected":false},"excerpt":{"rendered":"<p>Set de papeler\u00eda que incluye mini despachador de cinta adhesiva, 5 clips sujeta documentos y 20 clips para papel. Presentaci\u00f3n: estuche de pl\u00e1stico transparente.<\/p>","protected":false},"featured_media":23848,"comment_status":"closed","ping_status":"closed","template":"","meta":[],"genre":[],"product_cat":[299,396],"product_tag":[],"class_list":{"0":"post-37359","1":"product","2":"type-product","3":"status-publish","4":"has-post-thumbnail","6":"product_cat-accesorios-de-oficina","7":"product_cat-ver-todo-oficina","9":"first","10":"instock","11":"shipping-taxable","12":"purchasable","13":"product-type-variable"},"_links":{"self":[{"href":"https:\/\/amgpromocionales.mx\/en\/wp-json\/wp\/v2\/product\/37359","targetHints":{"allow":["GET"]}}],"collection":[{"href":"https:\/\/amgpromocionales.mx\/en\/wp-json\/wp\/v2\/product"}],"about":[{"href":"https:\/\/amgpromocionales.mx\/en\/wp-json\/wp\/v2\/types\/product"}],"replies":[{"embeddable":true,"href":"https:\/\/amgpromocionales.mx\/en\/wp-json\/wp\/v2\/comments?post=37359"}],"wp:featuredmedia":[{"embeddable":true,"href":"https:\/\/amgpromocionales.mx\/en\/wp-json\/wp\/v2\/media\/23848"}],"wp:attachment":[{"href":"https:\/\/amgpromocionales.mx\/en\/wp-json\/wp\/v2\/media?parent=37359"}],"wp:term":[{"taxonomy":"product_brand","embeddable":true,"href":"https:\/\/amgpromocionales.mx\/en\/wp-json\/wp\/v2\/genre?post=37359"},{"taxonomy":"product_cat","embeddable":true,"href":"https:\/\/amgpromocionales.mx\/en\/wp-json\/wp\/v2\/product_cat?post=37359"},{"taxonomy":"product_tag","embeddable":true,"href":"https:\/\/amgpromocionales.mx\/en\/wp-json\/wp\/v2\/product_tag?post=37359"}],"curies":[{"name":"wp","href":"https:\/\/api.w.org\/{rel}","templated":true}]}}