{"id":37355,"date":"2025-01-12T22:38:38","date_gmt":"2025-01-13T04:38:38","guid":{"rendered":"https:\/\/amgpromocionales.com.mx\/?post_type=product&#038;p=37355"},"modified":"2025-01-20T23:23:39","modified_gmt":"2025-01-21T05:23:39","slug":"cilindro-a2209","status":"publish","type":"product","link":"https:\/\/amgpromocionales.mx\/en\/shop\/cilindro-a2209\/","title":{"rendered":"CILINDRO A2209"},"content":{"rendered":"<p>Cilindro de pl\u00e1stico transparente con tapa de presi\u00f3n a color. Incluye popote r\u00edgido con seguro. Su amplia apertura permite una f\u00e1cil limpieza y llenado. CAP. 520 ml. *BPA FREE.<\/p>","protected":false},"excerpt":{"rendered":"<p>Cilindro de pl\u00e1stico transparente con tapa de presi\u00f3n a color. Incluye popote r\u00edgido con seguro. Su amplia apertura permite una f\u00e1cil limpieza y llenado. CAP. 520 ml. *BPA FREE.<\/p>","protected":false},"featured_media":19789,"comment_status":"closed","ping_status":"closed","template":"","meta":[],"genre":[],"product_cat":[324,391],"product_tag":[],"class_list":{"0":"post-37355","1":"product","2":"type-product","3":"status-publish","4":"has-post-thumbnail","6":"product_cat-cilindros-y-vasos-bebidas","7":"product_cat-ver-todo-bebidas","9":"first","10":"instock","11":"shipping-taxable","12":"purchasable","13":"product-type-variable"},"_links":{"self":[{"href":"https:\/\/amgpromocionales.mx\/en\/wp-json\/wp\/v2\/product\/37355","targetHints":{"allow":["GET"]}}],"collection":[{"href":"https:\/\/amgpromocionales.mx\/en\/wp-json\/wp\/v2\/product"}],"about":[{"href":"https:\/\/amgpromocionales.mx\/en\/wp-json\/wp\/v2\/types\/product"}],"replies":[{"embeddable":true,"href":"https:\/\/amgpromocionales.mx\/en\/wp-json\/wp\/v2\/comments?post=37355"}],"wp:featuredmedia":[{"embeddable":true,"href":"https:\/\/amgpromocionales.mx\/en\/wp-json\/wp\/v2\/media\/19789"}],"wp:attachment":[{"href":"https:\/\/amgpromocionales.mx\/en\/wp-json\/wp\/v2\/media?parent=37355"}],"wp:term":[{"taxonomy":"product_brand","embeddable":true,"href":"https:\/\/amgpromocionales.mx\/en\/wp-json\/wp\/v2\/genre?post=37355"},{"taxonomy":"product_cat","embeddable":true,"href":"https:\/\/amgpromocionales.mx\/en\/wp-json\/wp\/v2\/product_cat?post=37355"},{"taxonomy":"product_tag","embeddable":true,"href":"https:\/\/amgpromocionales.mx\/en\/wp-json\/wp\/v2\/product_tag?post=37355"}],"curies":[{"name":"wp","href":"https:\/\/api.w.org\/{rel}","templated":true}]}}