{"id":37347,"date":"2025-01-12T22:38:31","date_gmt":"2025-01-13T04:38:31","guid":{"rendered":"https:\/\/amgpromocionales.com.mx\/?post_type=product&#038;p=37347"},"modified":"2025-01-20T23:30:04","modified_gmt":"2025-01-21T05:30:04","slug":"boligrafo-a2184","status":"publish","type":"product","link":"https:\/\/amgpromocionales.mx\/en\/shop\/boligrafo-a2184\/","title":{"rendered":"BOL\u00cdGRAFO A2184"},"content":{"rendered":"<p>Bol\u00edgrafo met\u00e1lico de sistema giratorio con USB integrado en clip pl\u00e1stico con punta touch. Capacidades: Negro 8 GB \/ Plata y Verde 4 GB. Destape para grabado l\u00e1ser en color plata. Presentaci\u00f3n: caja de regalo.<\/p>","protected":false},"excerpt":{"rendered":"<p>Bol\u00edgrafo met\u00e1lico de sistema giratorio con USB integrado en clip pl\u00e1stico con punta touch. Capacidades: Negro 8 GB \/ Plata y Verde 4 GB. Destape para grabado l\u00e1ser en color plata. Presentaci\u00f3n: caja de regalo.<\/p>","protected":false},"featured_media":21152,"comment_status":"closed","ping_status":"closed","template":"","meta":[],"genre":[],"product_cat":[265,392],"product_tag":[],"class_list":{"0":"post-37347","1":"product","2":"type-product","3":"status-publish","4":"has-post-thumbnail","6":"product_cat-boligrafos-metalicos","7":"product_cat-ver-todo-boligrafos-y-lapices","9":"first","10":"instock","11":"shipping-taxable","12":"purchasable","13":"product-type-variable"},"_links":{"self":[{"href":"https:\/\/amgpromocionales.mx\/en\/wp-json\/wp\/v2\/product\/37347","targetHints":{"allow":["GET"]}}],"collection":[{"href":"https:\/\/amgpromocionales.mx\/en\/wp-json\/wp\/v2\/product"}],"about":[{"href":"https:\/\/amgpromocionales.mx\/en\/wp-json\/wp\/v2\/types\/product"}],"replies":[{"embeddable":true,"href":"https:\/\/amgpromocionales.mx\/en\/wp-json\/wp\/v2\/comments?post=37347"}],"wp:featuredmedia":[{"embeddable":true,"href":"https:\/\/amgpromocionales.mx\/en\/wp-json\/wp\/v2\/media\/21152"}],"wp:attachment":[{"href":"https:\/\/amgpromocionales.mx\/en\/wp-json\/wp\/v2\/media?parent=37347"}],"wp:term":[{"taxonomy":"product_brand","embeddable":true,"href":"https:\/\/amgpromocionales.mx\/en\/wp-json\/wp\/v2\/genre?post=37347"},{"taxonomy":"product_cat","embeddable":true,"href":"https:\/\/amgpromocionales.mx\/en\/wp-json\/wp\/v2\/product_cat?post=37347"},{"taxonomy":"product_tag","embeddable":true,"href":"https:\/\/amgpromocionales.mx\/en\/wp-json\/wp\/v2\/product_tag?post=37347"}],"curies":[{"name":"wp","href":"https:\/\/api.w.org\/{rel}","templated":true}]}}