{"id":37346,"date":"2025-01-12T22:38:30","date_gmt":"2025-01-13T04:38:30","guid":{"rendered":"https:\/\/amgpromocionales.com.mx\/?post_type=product&#038;p=37346"},"modified":"2025-01-20T23:58:00","modified_gmt":"2025-01-21T05:58:00","slug":"mini-a2182","status":"publish","type":"product","link":"https:\/\/amgpromocionales.mx\/en\/shop\/mini-a2182\/","title":{"rendered":"MINI A2182"},"content":{"rendered":"<p>Mini libreta de pasta r\u00edgida de color, tama\u00f1o A6. Cuenta con banda el\u00e1stica para cierre y list\u00f3n separador, 80 hojas beige rayadas (160 p\u00e1ginas). Incluye: bol\u00edgrafo met\u00e1lico en el mismo color de la libreta. El bol\u00edgrafo tiene detalles en color plata y cuenta con touch para dispositivos t\u00e1ctiles.<\/p>","protected":false},"excerpt":{"rendered":"<p>Mini libreta de pasta r\u00edgida de color, tama\u00f1o A6. Cuenta con banda el\u00e1stica para cierre y list\u00f3n separador, 80 hojas beige rayadas (160 p\u00e1ginas). Incluye: bol\u00edgrafo met\u00e1lico en el mismo color de la libreta. El bol\u00edgrafo tiene detalles en color plata y cuenta con touch para dispositivos t\u00e1ctiles.<\/p>","protected":false},"featured_media":23685,"comment_status":"closed","ping_status":"closed","template":"","meta":[],"genre":[],"product_cat":[314,395],"product_tag":[],"class_list":{"0":"post-37346","1":"product","2":"type-product","3":"status-publish","4":"has-post-thumbnail","6":"product_cat-libretas-libretas-y-agendas","7":"product_cat-ver-todo-libretas-y-agendas","9":"first","10":"instock","11":"shipping-taxable","12":"purchasable","13":"product-type-variable"},"_links":{"self":[{"href":"https:\/\/amgpromocionales.mx\/en\/wp-json\/wp\/v2\/product\/37346","targetHints":{"allow":["GET"]}}],"collection":[{"href":"https:\/\/amgpromocionales.mx\/en\/wp-json\/wp\/v2\/product"}],"about":[{"href":"https:\/\/amgpromocionales.mx\/en\/wp-json\/wp\/v2\/types\/product"}],"replies":[{"embeddable":true,"href":"https:\/\/amgpromocionales.mx\/en\/wp-json\/wp\/v2\/comments?post=37346"}],"wp:featuredmedia":[{"embeddable":true,"href":"https:\/\/amgpromocionales.mx\/en\/wp-json\/wp\/v2\/media\/23685"}],"wp:attachment":[{"href":"https:\/\/amgpromocionales.mx\/en\/wp-json\/wp\/v2\/media?parent=37346"}],"wp:term":[{"taxonomy":"product_brand","embeddable":true,"href":"https:\/\/amgpromocionales.mx\/en\/wp-json\/wp\/v2\/genre?post=37346"},{"taxonomy":"product_cat","embeddable":true,"href":"https:\/\/amgpromocionales.mx\/en\/wp-json\/wp\/v2\/product_cat?post=37346"},{"taxonomy":"product_tag","embeddable":true,"href":"https:\/\/amgpromocionales.mx\/en\/wp-json\/wp\/v2\/product_tag?post=37346"}],"curies":[{"name":"wp","href":"https:\/\/api.w.org\/{rel}","templated":true}]}}