{"id":37343,"date":"2025-01-12T22:38:23","date_gmt":"2025-01-13T04:38:23","guid":{"rendered":"https:\/\/amgpromocionales.com.mx\/?post_type=product&#038;p=37343"},"modified":"2025-01-21T00:38:45","modified_gmt":"2025-01-21T06:38:45","slug":"gorra-a2178","status":"publish","type":"product","link":"https:\/\/amgpromocionales.mx\/en\/shop\/gorra-a2178\/","title":{"rendered":"GORRA A2178"},"content":{"rendered":"<p>Gorra en poli\u00e9ster con visera de algod\u00f3n. Con amplio frente acolchado y 4 gajos en malla en color fosforescente. Ajuste con broche de pl\u00e1stico.<\/p>","protected":false},"excerpt":{"rendered":"<p>Gorra en poli\u00e9ster con visera de algod\u00f3n. Con amplio frente acolchado y 4 gajos en malla en color fosforescente. Ajuste con broche de pl\u00e1stico.<\/p>","protected":false},"featured_media":26847,"comment_status":"closed","ping_status":"closed","template":"","meta":[],"genre":[],"product_cat":[330,399],"product_tag":[],"class_list":{"0":"post-37343","1":"product","2":"type-product","3":"status-publish","4":"has-post-thumbnail","6":"product_cat-gorras","7":"product_cat-ver-todo-textiles","9":"first","10":"instock","11":"shipping-taxable","12":"purchasable","13":"product-type-variable"},"_links":{"self":[{"href":"https:\/\/amgpromocionales.mx\/en\/wp-json\/wp\/v2\/product\/37343","targetHints":{"allow":["GET"]}}],"collection":[{"href":"https:\/\/amgpromocionales.mx\/en\/wp-json\/wp\/v2\/product"}],"about":[{"href":"https:\/\/amgpromocionales.mx\/en\/wp-json\/wp\/v2\/types\/product"}],"replies":[{"embeddable":true,"href":"https:\/\/amgpromocionales.mx\/en\/wp-json\/wp\/v2\/comments?post=37343"}],"wp:featuredmedia":[{"embeddable":true,"href":"https:\/\/amgpromocionales.mx\/en\/wp-json\/wp\/v2\/media\/26847"}],"wp:attachment":[{"href":"https:\/\/amgpromocionales.mx\/en\/wp-json\/wp\/v2\/media?parent=37343"}],"wp:term":[{"taxonomy":"product_brand","embeddable":true,"href":"https:\/\/amgpromocionales.mx\/en\/wp-json\/wp\/v2\/genre?post=37343"},{"taxonomy":"product_cat","embeddable":true,"href":"https:\/\/amgpromocionales.mx\/en\/wp-json\/wp\/v2\/product_cat?post=37343"},{"taxonomy":"product_tag","embeddable":true,"href":"https:\/\/amgpromocionales.mx\/en\/wp-json\/wp\/v2\/product_tag?post=37343"}],"curies":[{"name":"wp","href":"https:\/\/api.w.org\/{rel}","templated":true}]}}