{"id":37341,"date":"2025-01-12T22:38:23","date_gmt":"2025-01-13T04:38:23","guid":{"rendered":"https:\/\/amgpromocionales.com.mx\/?post_type=product&#038;p=37341"},"modified":"2025-01-21T00:50:26","modified_gmt":"2025-01-21T06:50:26","slug":"paraguas-a2176","status":"publish","type":"product","link":"https:\/\/amgpromocionales.mx\/en\/shop\/paraguas-a2176\/","title":{"rendered":"PARAGUAS A2176"},"content":{"rendered":"<p>Paraguas con forro de protecci\u00f3n UV, bot\u00f3n de apertura autom\u00e1tico, varillas y eje de metal reforzado, mango de pl\u00e1stico ergon\u00f3mico. 8 gajos.<\/p>","protected":false},"excerpt":{"rendered":"<p>Paraguas con forro de protecci\u00f3n UV, bot\u00f3n de apertura autom\u00e1tico, varillas y eje de metal reforzado, mango de pl\u00e1stico ergon\u00f3mico. 8 gajos.<\/p>","protected":false},"featured_media":26830,"comment_status":"closed","ping_status":"closed","template":"","meta":[],"genre":[],"product_cat":[367,399],"product_tag":[],"class_list":{"0":"post-37341","1":"product","2":"type-product","3":"status-publish","4":"has-post-thumbnail","6":"product_cat-paraguas-e-impermeables","7":"product_cat-ver-todo-textiles","9":"first","10":"instock","11":"shipping-taxable","12":"purchasable","13":"product-type-variable"},"_links":{"self":[{"href":"https:\/\/amgpromocionales.mx\/en\/wp-json\/wp\/v2\/product\/37341","targetHints":{"allow":["GET"]}}],"collection":[{"href":"https:\/\/amgpromocionales.mx\/en\/wp-json\/wp\/v2\/product"}],"about":[{"href":"https:\/\/amgpromocionales.mx\/en\/wp-json\/wp\/v2\/types\/product"}],"replies":[{"embeddable":true,"href":"https:\/\/amgpromocionales.mx\/en\/wp-json\/wp\/v2\/comments?post=37341"}],"wp:featuredmedia":[{"embeddable":true,"href":"https:\/\/amgpromocionales.mx\/en\/wp-json\/wp\/v2\/media\/26830"}],"wp:attachment":[{"href":"https:\/\/amgpromocionales.mx\/en\/wp-json\/wp\/v2\/media?parent=37341"}],"wp:term":[{"taxonomy":"product_brand","embeddable":true,"href":"https:\/\/amgpromocionales.mx\/en\/wp-json\/wp\/v2\/genre?post=37341"},{"taxonomy":"product_cat","embeddable":true,"href":"https:\/\/amgpromocionales.mx\/en\/wp-json\/wp\/v2\/product_cat?post=37341"},{"taxonomy":"product_tag","embeddable":true,"href":"https:\/\/amgpromocionales.mx\/en\/wp-json\/wp\/v2\/product_tag?post=37341"}],"curies":[{"name":"wp","href":"https:\/\/api.w.org\/{rel}","templated":true}]}}