{"id":37339,"date":"2025-01-12T22:38:22","date_gmt":"2025-01-13T04:38:22","guid":{"rendered":"https:\/\/amgpromocionales.com.mx\/?post_type=product&#038;p=37339"},"modified":"2025-01-21T00:02:43","modified_gmt":"2025-01-21T06:02:43","slug":"caja-a2174","status":"publish","type":"product","link":"https:\/\/amgpromocionales.mx\/en\/shop\/caja-a2174\/","title":{"rendered":"CAJA A2174"},"content":{"rendered":"<p>Caja s\u00f3lida de cart\u00f3n para bol\u00edgrafos, ideal para regalar. Base y tapa se arman por separado. No incluye bol\u00edgrafo.<\/p>","protected":false},"excerpt":{"rendered":"<p>Caja s\u00f3lida de cart\u00f3n para bol\u00edgrafos, ideal para regalar. Base y tapa se arman por separado. No incluye bol\u00edgrafo.<\/p>","protected":false},"featured_media":21145,"comment_status":"closed","ping_status":"closed","template":"","meta":[],"genre":[],"product_cat":[375,396],"product_tag":[],"class_list":{"0":"post-37339","1":"product","2":"type-product","3":"status-publish","4":"has-post-thumbnail","6":"product_cat-cajas-bolsas-y-estuches","7":"product_cat-ver-todo-oficina","9":"first","10":"instock","11":"shipping-taxable","12":"purchasable","13":"product-type-simple"},"_links":{"self":[{"href":"https:\/\/amgpromocionales.mx\/en\/wp-json\/wp\/v2\/product\/37339","targetHints":{"allow":["GET"]}}],"collection":[{"href":"https:\/\/amgpromocionales.mx\/en\/wp-json\/wp\/v2\/product"}],"about":[{"href":"https:\/\/amgpromocionales.mx\/en\/wp-json\/wp\/v2\/types\/product"}],"replies":[{"embeddable":true,"href":"https:\/\/amgpromocionales.mx\/en\/wp-json\/wp\/v2\/comments?post=37339"}],"wp:featuredmedia":[{"embeddable":true,"href":"https:\/\/amgpromocionales.mx\/en\/wp-json\/wp\/v2\/media\/21145"}],"wp:attachment":[{"href":"https:\/\/amgpromocionales.mx\/en\/wp-json\/wp\/v2\/media?parent=37339"}],"wp:term":[{"taxonomy":"product_brand","embeddable":true,"href":"https:\/\/amgpromocionales.mx\/en\/wp-json\/wp\/v2\/genre?post=37339"},{"taxonomy":"product_cat","embeddable":true,"href":"https:\/\/amgpromocionales.mx\/en\/wp-json\/wp\/v2\/product_cat?post=37339"},{"taxonomy":"product_tag","embeddable":true,"href":"https:\/\/amgpromocionales.mx\/en\/wp-json\/wp\/v2\/product_tag?post=37339"}],"curies":[{"name":"wp","href":"https:\/\/api.w.org\/{rel}","templated":true}]}}