{"id":37334,"date":"2025-01-12T22:38:13","date_gmt":"2025-01-13T04:38:13","guid":{"rendered":"https:\/\/amgpromocionales.com.mx\/?post_type=product&#038;p=37334"},"modified":"2025-01-21T00:35:47","modified_gmt":"2025-01-21T06:35:47","slug":"bolsa-a2166","status":"publish","type":"product","link":"https:\/\/amgpromocionales.mx\/en\/shop\/bolsa-a2166\/","title":{"rendered":"BOLSA A2166"},"content":{"rendered":"<p>Bolsa tipo malet\u00edn en poli\u00e9ster, asas y correa ajustable. Cuenta con bolsillo externo y salida para aud\u00edfonos, en dos tonos de tela combinables.<\/p>","protected":false},"excerpt":{"rendered":"<p>Bolsa tipo malet\u00edn en poli\u00e9ster, asas y correa ajustable. Cuenta con bolsillo externo y salida para aud\u00edfonos, en dos tonos de tela combinables.<\/p>","protected":false},"featured_media":26806,"comment_status":"closed","ping_status":"closed","template":"","meta":[],"genre":[],"product_cat":[278,399],"product_tag":[],"class_list":{"0":"post-37334","1":"product","2":"type-product","3":"status-publish","4":"has-post-thumbnail","6":"product_cat-bolsas-textiles","7":"product_cat-ver-todo-textiles","9":"first","10":"instock","11":"shipping-taxable","12":"purchasable","13":"product-type-variable"},"_links":{"self":[{"href":"https:\/\/amgpromocionales.mx\/en\/wp-json\/wp\/v2\/product\/37334","targetHints":{"allow":["GET"]}}],"collection":[{"href":"https:\/\/amgpromocionales.mx\/en\/wp-json\/wp\/v2\/product"}],"about":[{"href":"https:\/\/amgpromocionales.mx\/en\/wp-json\/wp\/v2\/types\/product"}],"replies":[{"embeddable":true,"href":"https:\/\/amgpromocionales.mx\/en\/wp-json\/wp\/v2\/comments?post=37334"}],"wp:featuredmedia":[{"embeddable":true,"href":"https:\/\/amgpromocionales.mx\/en\/wp-json\/wp\/v2\/media\/26806"}],"wp:attachment":[{"href":"https:\/\/amgpromocionales.mx\/en\/wp-json\/wp\/v2\/media?parent=37334"}],"wp:term":[{"taxonomy":"product_brand","embeddable":true,"href":"https:\/\/amgpromocionales.mx\/en\/wp-json\/wp\/v2\/genre?post=37334"},{"taxonomy":"product_cat","embeddable":true,"href":"https:\/\/amgpromocionales.mx\/en\/wp-json\/wp\/v2\/product_cat?post=37334"},{"taxonomy":"product_tag","embeddable":true,"href":"https:\/\/amgpromocionales.mx\/en\/wp-json\/wp\/v2\/product_tag?post=37334"}],"curies":[{"name":"wp","href":"https:\/\/api.w.org\/{rel}","templated":true}]}}