{"id":37330,"date":"2025-01-12T22:38:12","date_gmt":"2025-01-13T04:38:12","guid":{"rendered":"https:\/\/amgpromocionales.com.mx\/?post_type=product&#038;p=37330"},"modified":"2025-01-20T22:55:32","modified_gmt":"2025-01-21T04:55:32","slug":"taza-a2153","status":"publish","type":"product","link":"https:\/\/amgpromocionales.mx\/en\/shop\/taza-a2153\/","title":{"rendered":"TAZA A2153"},"content":{"rendered":"<p>Taza de cer\u00e1mica en forma c\u00f3nica con asa abierta, acabado exterior mate e interior de color brillante CAP. 355 ml. (12 OZ). Venta en m\u00faltiplos de 12.<\/p>","protected":false},"excerpt":{"rendered":"<p>Taza de cer\u00e1mica en forma c\u00f3nica con asa abierta, acabado exterior mate e interior de color brillante CAP. 355 ml. (12 OZ). Venta en m\u00faltiplos de 12.<\/p>","protected":false},"featured_media":19749,"comment_status":"closed","ping_status":"closed","template":"","meta":[],"genre":[],"product_cat":[298,391],"product_tag":[],"class_list":{"0":"post-37330","1":"product","2":"type-product","3":"status-publish","4":"has-post-thumbnail","6":"product_cat-tazas-y-tarros","7":"product_cat-ver-todo-bebidas","9":"first","10":"instock","11":"shipping-taxable","12":"purchasable","13":"product-type-variable"},"_links":{"self":[{"href":"https:\/\/amgpromocionales.mx\/en\/wp-json\/wp\/v2\/product\/37330","targetHints":{"allow":["GET"]}}],"collection":[{"href":"https:\/\/amgpromocionales.mx\/en\/wp-json\/wp\/v2\/product"}],"about":[{"href":"https:\/\/amgpromocionales.mx\/en\/wp-json\/wp\/v2\/types\/product"}],"replies":[{"embeddable":true,"href":"https:\/\/amgpromocionales.mx\/en\/wp-json\/wp\/v2\/comments?post=37330"}],"wp:featuredmedia":[{"embeddable":true,"href":"https:\/\/amgpromocionales.mx\/en\/wp-json\/wp\/v2\/media\/19749"}],"wp:attachment":[{"href":"https:\/\/amgpromocionales.mx\/en\/wp-json\/wp\/v2\/media?parent=37330"}],"wp:term":[{"taxonomy":"product_brand","embeddable":true,"href":"https:\/\/amgpromocionales.mx\/en\/wp-json\/wp\/v2\/genre?post=37330"},{"taxonomy":"product_cat","embeddable":true,"href":"https:\/\/amgpromocionales.mx\/en\/wp-json\/wp\/v2\/product_cat?post=37330"},{"taxonomy":"product_tag","embeddable":true,"href":"https:\/\/amgpromocionales.mx\/en\/wp-json\/wp\/v2\/product_tag?post=37330"}],"curies":[{"name":"wp","href":"https:\/\/api.w.org\/{rel}","templated":true}]}}