{"id":37316,"date":"2025-01-12T22:38:00","date_gmt":"2025-01-13T04:38:00","guid":{"rendered":"https:\/\/amgpromocionales.com.mx\/?post_type=product&#038;p=37316"},"modified":"2025-01-19T17:44:53","modified_gmt":"2025-01-19T23:44:53","slug":"llavero-a2133","status":"publish","type":"product","link":"https:\/\/amgpromocionales.mx\/en\/shop\/llavero-a2133\/","title":{"rendered":"LLAVERO A2133"},"content":{"rendered":"<p>Llavero met\u00e1lico con arillo reforzado y placa de metal negra para grabado en l\u00e1ser met\u00e1lica por ambos lados. Presentaci\u00f3n: Caja individual de kraft.<\/p>","protected":false},"excerpt":{"rendered":"<p>Llavero met\u00e1lico con arillo reforzado y placa de metal negra para grabado en l\u00e1ser met\u00e1lica por ambos lados. Presentaci\u00f3n: Caja individual de kraft.<\/p>","protected":false},"featured_media":22980,"comment_status":"closed","ping_status":"closed","template":"","meta":[],"genre":[],"product_cat":[308],"product_tag":[],"class_list":{"0":"post-37316","1":"product","2":"type-product","3":"status-publish","4":"has-post-thumbnail","6":"product_cat-llaveros","8":"first","9":"instock","10":"shipping-taxable","11":"purchasable","12":"product-type-simple"},"_links":{"self":[{"href":"https:\/\/amgpromocionales.mx\/en\/wp-json\/wp\/v2\/product\/37316","targetHints":{"allow":["GET"]}}],"collection":[{"href":"https:\/\/amgpromocionales.mx\/en\/wp-json\/wp\/v2\/product"}],"about":[{"href":"https:\/\/amgpromocionales.mx\/en\/wp-json\/wp\/v2\/types\/product"}],"replies":[{"embeddable":true,"href":"https:\/\/amgpromocionales.mx\/en\/wp-json\/wp\/v2\/comments?post=37316"}],"wp:featuredmedia":[{"embeddable":true,"href":"https:\/\/amgpromocionales.mx\/en\/wp-json\/wp\/v2\/media\/22980"}],"wp:attachment":[{"href":"https:\/\/amgpromocionales.mx\/en\/wp-json\/wp\/v2\/media?parent=37316"}],"wp:term":[{"taxonomy":"product_brand","embeddable":true,"href":"https:\/\/amgpromocionales.mx\/en\/wp-json\/wp\/v2\/genre?post=37316"},{"taxonomy":"product_cat","embeddable":true,"href":"https:\/\/amgpromocionales.mx\/en\/wp-json\/wp\/v2\/product_cat?post=37316"},{"taxonomy":"product_tag","embeddable":true,"href":"https:\/\/amgpromocionales.mx\/en\/wp-json\/wp\/v2\/product_tag?post=37316"}],"curies":[{"name":"wp","href":"https:\/\/api.w.org\/{rel}","templated":true}]}}