{"id":37309,"date":"2025-01-12T22:37:52","date_gmt":"2025-01-13T04:37:52","guid":{"rendered":"https:\/\/amgpromocionales.com.mx\/?post_type=product&#038;p=37309"},"modified":"2025-01-19T17:48:27","modified_gmt":"2025-01-19T23:48:27","slug":"llavero-a2121","status":"publish","type":"product","link":"https:\/\/amgpromocionales.mx\/en\/shop\/llavero-a2121\/","title":{"rendered":"LLAVERO A2121"},"content":{"rendered":"<p>Llavero met\u00e1lico con linterna, luz blanca de 3 LEDS de alta intensidad, bot\u00f3n de encendido con goma de protecci\u00f3n. Incluye bater\u00edas. Presentaci\u00f3n: caja en color negro.<\/p>","protected":false},"excerpt":{"rendered":"<p>Llavero met\u00e1lico con linterna, luz blanca de 3 LEDS de alta intensidad, bot\u00f3n de encendido con goma de protecci\u00f3n. Incluye bater\u00edas. Presentaci\u00f3n: caja en color negro.<\/p>","protected":false},"featured_media":22971,"comment_status":"closed","ping_status":"closed","template":"","meta":[],"genre":[],"product_cat":[308],"product_tag":[],"class_list":{"0":"post-37309","1":"product","2":"type-product","3":"status-publish","4":"has-post-thumbnail","6":"product_cat-llaveros","8":"first","9":"instock","10":"shipping-taxable","11":"purchasable","12":"product-type-variable"},"_links":{"self":[{"href":"https:\/\/amgpromocionales.mx\/en\/wp-json\/wp\/v2\/product\/37309","targetHints":{"allow":["GET"]}}],"collection":[{"href":"https:\/\/amgpromocionales.mx\/en\/wp-json\/wp\/v2\/product"}],"about":[{"href":"https:\/\/amgpromocionales.mx\/en\/wp-json\/wp\/v2\/types\/product"}],"replies":[{"embeddable":true,"href":"https:\/\/amgpromocionales.mx\/en\/wp-json\/wp\/v2\/comments?post=37309"}],"wp:featuredmedia":[{"embeddable":true,"href":"https:\/\/amgpromocionales.mx\/en\/wp-json\/wp\/v2\/media\/22971"}],"wp:attachment":[{"href":"https:\/\/amgpromocionales.mx\/en\/wp-json\/wp\/v2\/media?parent=37309"}],"wp:term":[{"taxonomy":"product_brand","embeddable":true,"href":"https:\/\/amgpromocionales.mx\/en\/wp-json\/wp\/v2\/genre?post=37309"},{"taxonomy":"product_cat","embeddable":true,"href":"https:\/\/amgpromocionales.mx\/en\/wp-json\/wp\/v2\/product_cat?post=37309"},{"taxonomy":"product_tag","embeddable":true,"href":"https:\/\/amgpromocionales.mx\/en\/wp-json\/wp\/v2\/product_tag?post=37309"}],"curies":[{"name":"wp","href":"https:\/\/api.w.org\/{rel}","templated":true}]}}