{"id":37308,"date":"2025-01-12T22:37:52","date_gmt":"2025-01-13T04:37:52","guid":{"rendered":"https:\/\/amgpromocionales.com.mx\/?post_type=product&#038;p=37308"},"modified":"2025-01-19T17:48:12","modified_gmt":"2025-01-19T23:48:12","slug":"llavero-a2120","status":"publish","type":"product","link":"https:\/\/amgpromocionales.mx\/en\/shop\/llavero-a2120\/","title":{"rendered":"LLAVERO A2120"},"content":{"rendered":"<p>Llavero met\u00e1lico con destapador, de forma ergon\u00f3mica, c\u00f3modo y seguro.<\/p>","protected":false},"excerpt":{"rendered":"<p>Llavero met\u00e1lico con destapador, de forma ergon\u00f3mica, c\u00f3modo y seguro.<\/p>","protected":false},"featured_media":22963,"comment_status":"closed","ping_status":"closed","template":"","meta":[],"genre":[],"product_cat":[308],"product_tag":[],"class_list":{"0":"post-37308","1":"product","2":"type-product","3":"status-publish","4":"has-post-thumbnail","6":"product_cat-llaveros","8":"first","9":"instock","10":"shipping-taxable","11":"purchasable","12":"product-type-variable"},"_links":{"self":[{"href":"https:\/\/amgpromocionales.mx\/en\/wp-json\/wp\/v2\/product\/37308","targetHints":{"allow":["GET"]}}],"collection":[{"href":"https:\/\/amgpromocionales.mx\/en\/wp-json\/wp\/v2\/product"}],"about":[{"href":"https:\/\/amgpromocionales.mx\/en\/wp-json\/wp\/v2\/types\/product"}],"replies":[{"embeddable":true,"href":"https:\/\/amgpromocionales.mx\/en\/wp-json\/wp\/v2\/comments?post=37308"}],"wp:featuredmedia":[{"embeddable":true,"href":"https:\/\/amgpromocionales.mx\/en\/wp-json\/wp\/v2\/media\/22963"}],"wp:attachment":[{"href":"https:\/\/amgpromocionales.mx\/en\/wp-json\/wp\/v2\/media?parent=37308"}],"wp:term":[{"taxonomy":"product_brand","embeddable":true,"href":"https:\/\/amgpromocionales.mx\/en\/wp-json\/wp\/v2\/genre?post=37308"},{"taxonomy":"product_cat","embeddable":true,"href":"https:\/\/amgpromocionales.mx\/en\/wp-json\/wp\/v2\/product_cat?post=37308"},{"taxonomy":"product_tag","embeddable":true,"href":"https:\/\/amgpromocionales.mx\/en\/wp-json\/wp\/v2\/product_tag?post=37308"}],"curies":[{"name":"wp","href":"https:\/\/api.w.org\/{rel}","templated":true}]}}