{"id":37306,"date":"2025-01-12T22:37:51","date_gmt":"2025-01-13T04:37:51","guid":{"rendered":"https:\/\/amgpromocionales.com.mx\/?post_type=product&#038;p=37306"},"modified":"2025-01-20T23:44:50","modified_gmt":"2025-01-21T05:44:50","slug":"desarmador-a2115","status":"publish","type":"product","link":"https:\/\/amgpromocionales.mx\/en\/shop\/desarmador-a2115\/","title":{"rendered":"DESARMADOR A2115"},"content":{"rendered":"<p>Desarmador con l\u00e1mpara todo en uno, cuerpo de pl\u00e1stico, con bot\u00f3n encendido\/apagado, 5 puntas diferentes y 4 LEDS. Cuenta con mecanismo de bloqueo para seguro de los desarmadores. F\u00e1cil de usar y transportar. Utiliza 2 bater\u00edas AAA (no incluidas). Presentaci\u00f3n: caja en color blanco.<\/p>","protected":false},"excerpt":{"rendered":"<p>Desarmador con l\u00e1mpara todo en uno, cuerpo de pl\u00e1stico, con bot\u00f3n encendido\/apagado, 5 puntas diferentes y 4 LEDS. Cuenta con mecanismo de bloqueo para seguro de los desarmadores. F\u00e1cil de usar y transportar. Utiliza 2 bater\u00edas AAA (no incluidas). Presentaci\u00f3n: caja en color blanco.<\/p>","protected":false},"featured_media":22955,"comment_status":"closed","ping_status":"closed","template":"","meta":[],"genre":[],"product_cat":[279,393],"product_tag":[],"class_list":{"0":"post-37306","1":"product","2":"type-product","3":"status-publish","4":"has-post-thumbnail","6":"product_cat-herramientas-herramientas","7":"product_cat-ver-todo-herramientas","9":"first","10":"instock","11":"shipping-taxable","12":"purchasable","13":"product-type-simple"},"_links":{"self":[{"href":"https:\/\/amgpromocionales.mx\/en\/wp-json\/wp\/v2\/product\/37306","targetHints":{"allow":["GET"]}}],"collection":[{"href":"https:\/\/amgpromocionales.mx\/en\/wp-json\/wp\/v2\/product"}],"about":[{"href":"https:\/\/amgpromocionales.mx\/en\/wp-json\/wp\/v2\/types\/product"}],"replies":[{"embeddable":true,"href":"https:\/\/amgpromocionales.mx\/en\/wp-json\/wp\/v2\/comments?post=37306"}],"wp:featuredmedia":[{"embeddable":true,"href":"https:\/\/amgpromocionales.mx\/en\/wp-json\/wp\/v2\/media\/22955"}],"wp:attachment":[{"href":"https:\/\/amgpromocionales.mx\/en\/wp-json\/wp\/v2\/media?parent=37306"}],"wp:term":[{"taxonomy":"product_brand","embeddable":true,"href":"https:\/\/amgpromocionales.mx\/en\/wp-json\/wp\/v2\/genre?post=37306"},{"taxonomy":"product_cat","embeddable":true,"href":"https:\/\/amgpromocionales.mx\/en\/wp-json\/wp\/v2\/product_cat?post=37306"},{"taxonomy":"product_tag","embeddable":true,"href":"https:\/\/amgpromocionales.mx\/en\/wp-json\/wp\/v2\/product_tag?post=37306"}],"curies":[{"name":"wp","href":"https:\/\/api.w.org\/{rel}","templated":true}]}}