{"id":37302,"date":"2025-01-12T22:37:46","date_gmt":"2025-01-13T04:37:46","guid":{"rendered":"https:\/\/amgpromocionales.com.mx\/?post_type=product&#038;p=37302"},"modified":"2025-01-20T23:58:00","modified_gmt":"2025-01-21T05:58:00","slug":"libreta-a2100","status":"publish","type":"product","link":"https:\/\/amgpromocionales.mx\/en\/shop\/libreta-a2100\/","title":{"rendered":"LIBRETA A2100"},"content":{"rendered":"<p>Libreta ecol\u00f3gica con espiral met\u00e1lico, broche magn\u00e9tico y protector de externos. Incluye 5 bandas adhesivas en colores diferentes y blocks de notas rectangulares en 2 tama\u00f1os. 70 hojas rayadas (140 p\u00e1ginas) y bol\u00edgrafo de papel con sujetador el\u00e1stico.<\/p>","protected":false},"excerpt":{"rendered":"<p>Libreta ecol\u00f3gica con espiral met\u00e1lico, broche magn\u00e9tico y protector de externos. Incluye 5 bandas adhesivas en colores diferentes y blocks de notas rectangulares en 2 tama\u00f1os. 70 hojas rayadas (140 p\u00e1ginas) y bol\u00edgrafo de papel con sujetador el\u00e1stico.<\/p>","protected":false},"featured_media":23564,"comment_status":"closed","ping_status":"closed","template":"","meta":[],"genre":[],"product_cat":[314,395],"product_tag":[],"class_list":{"0":"post-37302","1":"product","2":"type-product","3":"status-publish","4":"has-post-thumbnail","6":"product_cat-libretas-libretas-y-agendas","7":"product_cat-ver-todo-libretas-y-agendas","9":"first","10":"instock","11":"shipping-taxable","12":"purchasable","13":"product-type-variable"},"_links":{"self":[{"href":"https:\/\/amgpromocionales.mx\/en\/wp-json\/wp\/v2\/product\/37302","targetHints":{"allow":["GET"]}}],"collection":[{"href":"https:\/\/amgpromocionales.mx\/en\/wp-json\/wp\/v2\/product"}],"about":[{"href":"https:\/\/amgpromocionales.mx\/en\/wp-json\/wp\/v2\/types\/product"}],"replies":[{"embeddable":true,"href":"https:\/\/amgpromocionales.mx\/en\/wp-json\/wp\/v2\/comments?post=37302"}],"wp:featuredmedia":[{"embeddable":true,"href":"https:\/\/amgpromocionales.mx\/en\/wp-json\/wp\/v2\/media\/23564"}],"wp:attachment":[{"href":"https:\/\/amgpromocionales.mx\/en\/wp-json\/wp\/v2\/media?parent=37302"}],"wp:term":[{"taxonomy":"product_brand","embeddable":true,"href":"https:\/\/amgpromocionales.mx\/en\/wp-json\/wp\/v2\/genre?post=37302"},{"taxonomy":"product_cat","embeddable":true,"href":"https:\/\/amgpromocionales.mx\/en\/wp-json\/wp\/v2\/product_cat?post=37302"},{"taxonomy":"product_tag","embeddable":true,"href":"https:\/\/amgpromocionales.mx\/en\/wp-json\/wp\/v2\/product_tag?post=37302"}],"curies":[{"name":"wp","href":"https:\/\/api.w.org\/{rel}","templated":true}]}}