{"id":37014,"date":"2025-01-12T21:11:02","date_gmt":"2025-01-13T03:11:02","guid":{"rendered":"https:\/\/amgpromocionales.com.mx\/?post_type=product&#038;p=37014"},"modified":"2025-01-20T23:08:25","modified_gmt":"2025-01-21T05:08:25","slug":"termo-269","status":"publish","type":"product","link":"https:\/\/amgpromocionales.mx\/en\/shop\/termo-269\/","title":{"rendered":"Termo"},"content":{"rendered":"<p>Termo con doble pared de acero inoxidable, insulado al vac\u00edo, acabado rugoso, tapa de cierre a presi\u00f3n y banda el\u00e1stica.<\/p>","protected":false},"excerpt":{"rendered":"<p>Termo con doble pared de acero inoxidable, insulado al vac\u00edo, acabado rugoso, tapa de cierre a presi\u00f3n y banda el\u00e1stica.<\/p>","protected":false},"featured_media":15601,"comment_status":"closed","ping_status":"closed","template":"","meta":[],"genre":[],"product_cat":[323,391],"product_tag":[],"class_list":{"0":"post-37014","1":"product","2":"type-product","3":"status-publish","4":"has-post-thumbnail","6":"product_cat-termos","7":"product_cat-ver-todo-bebidas","9":"first","10":"instock","11":"shipping-taxable","12":"purchasable","13":"product-type-variable"},"_links":{"self":[{"href":"https:\/\/amgpromocionales.mx\/en\/wp-json\/wp\/v2\/product\/37014","targetHints":{"allow":["GET"]}}],"collection":[{"href":"https:\/\/amgpromocionales.mx\/en\/wp-json\/wp\/v2\/product"}],"about":[{"href":"https:\/\/amgpromocionales.mx\/en\/wp-json\/wp\/v2\/types\/product"}],"replies":[{"embeddable":true,"href":"https:\/\/amgpromocionales.mx\/en\/wp-json\/wp\/v2\/comments?post=37014"}],"wp:featuredmedia":[{"embeddable":true,"href":"https:\/\/amgpromocionales.mx\/en\/wp-json\/wp\/v2\/media\/15601"}],"wp:attachment":[{"href":"https:\/\/amgpromocionales.mx\/en\/wp-json\/wp\/v2\/media?parent=37014"}],"wp:term":[{"taxonomy":"product_brand","embeddable":true,"href":"https:\/\/amgpromocionales.mx\/en\/wp-json\/wp\/v2\/genre?post=37014"},{"taxonomy":"product_cat","embeddable":true,"href":"https:\/\/amgpromocionales.mx\/en\/wp-json\/wp\/v2\/product_cat?post=37014"},{"taxonomy":"product_tag","embeddable":true,"href":"https:\/\/amgpromocionales.mx\/en\/wp-json\/wp\/v2\/product_tag?post=37014"}],"curies":[{"name":"wp","href":"https:\/\/api.w.org\/{rel}","templated":true}]}}