{"id":36707,"date":"2025-01-12T21:06:39","date_gmt":"2025-01-13T03:06:39","guid":{"rendered":"https:\/\/amgpromocionales.com.mx\/?post_type=product&#038;p=36707"},"modified":"2025-01-20T23:25:08","modified_gmt":"2025-01-21T05:25:08","slug":"termo-212","status":"publish","type":"product","link":"https:\/\/amgpromocionales.mx\/en\/shop\/termo-212\/","title":{"rendered":"Cilindro"},"content":{"rendered":"<p>Cilindro de pl\u00e1stico de color trasl\u00facido con tapa enrosacable y chup\u00f3n para evitar derrames.(El env\u00edo de este material se hace por separado de base y tapas derivado a los cambios de altura si se traslada a otros lugares de\u00a0la\u00a0Rep\u00fablica).<\/p>","protected":false},"excerpt":{"rendered":"<p>Cilindro de pl\u00e1stico de color trasl\u00facido con tapa enrosacable y chup\u00f3n para evitar derrames.(El env\u00edo de este material se hace por separado de base y tapas derivado a los cambios de altura si se traslada a otros lugares de\u00a0la\u00a0Rep\u00fablica).<\/p>","protected":false},"featured_media":15934,"comment_status":"closed","ping_status":"closed","template":"","meta":[],"genre":[],"product_cat":[324,391],"product_tag":[],"class_list":{"0":"post-36707","1":"product","2":"type-product","3":"status-publish","4":"has-post-thumbnail","6":"product_cat-cilindros-y-vasos-bebidas","7":"product_cat-ver-todo-bebidas","9":"first","10":"instock","11":"shipping-taxable","12":"purchasable","13":"product-type-variable"},"_links":{"self":[{"href":"https:\/\/amgpromocionales.mx\/en\/wp-json\/wp\/v2\/product\/36707","targetHints":{"allow":["GET"]}}],"collection":[{"href":"https:\/\/amgpromocionales.mx\/en\/wp-json\/wp\/v2\/product"}],"about":[{"href":"https:\/\/amgpromocionales.mx\/en\/wp-json\/wp\/v2\/types\/product"}],"replies":[{"embeddable":true,"href":"https:\/\/amgpromocionales.mx\/en\/wp-json\/wp\/v2\/comments?post=36707"}],"wp:featuredmedia":[{"embeddable":true,"href":"https:\/\/amgpromocionales.mx\/en\/wp-json\/wp\/v2\/media\/15934"}],"wp:attachment":[{"href":"https:\/\/amgpromocionales.mx\/en\/wp-json\/wp\/v2\/media?parent=36707"}],"wp:term":[{"taxonomy":"product_brand","embeddable":true,"href":"https:\/\/amgpromocionales.mx\/en\/wp-json\/wp\/v2\/genre?post=36707"},{"taxonomy":"product_cat","embeddable":true,"href":"https:\/\/amgpromocionales.mx\/en\/wp-json\/wp\/v2\/product_cat?post=36707"},{"taxonomy":"product_tag","embeddable":true,"href":"https:\/\/amgpromocionales.mx\/en\/wp-json\/wp\/v2\/product_tag?post=36707"}],"curies":[{"name":"wp","href":"https:\/\/api.w.org\/{rel}","templated":true}]}}