{"id":36591,"date":"2025-01-12T21:05:06","date_gmt":"2025-01-13T03:05:06","guid":{"rendered":"https:\/\/amgpromocionales.com.mx\/?post_type=product&#038;p=36591"},"modified":"2025-01-20T23:11:39","modified_gmt":"2025-01-21T05:11:39","slug":"termo-196","status":"publish","type":"product","link":"https:\/\/amgpromocionales.mx\/en\/shop\/termo-196\/","title":{"rendered":"Termo"},"content":{"rendered":"<p>Termo con doble pared de acero inoxidable con term\u00f3metro digital que mide la temperatura de tu bebida, colador met\u00e1lico y tapa enroscable. Incluye bater\u00eda.<\/p>","protected":false},"excerpt":{"rendered":"<p>Termo con doble pared de acero inoxidable con term\u00f3metro digital que mide la temperatura de tu bebida, colador met\u00e1lico y tapa enroscable. Incluye bater\u00eda.<\/p>","protected":false},"featured_media":16055,"comment_status":"closed","ping_status":"closed","template":"","meta":[],"genre":[],"product_cat":[323,391],"product_tag":[],"class_list":{"0":"post-36591","1":"product","2":"type-product","3":"status-publish","4":"has-post-thumbnail","6":"product_cat-termos","7":"product_cat-ver-todo-bebidas","9":"first","10":"instock","11":"shipping-taxable","12":"purchasable","13":"product-type-variable"},"_links":{"self":[{"href":"https:\/\/amgpromocionales.mx\/en\/wp-json\/wp\/v2\/product\/36591","targetHints":{"allow":["GET"]}}],"collection":[{"href":"https:\/\/amgpromocionales.mx\/en\/wp-json\/wp\/v2\/product"}],"about":[{"href":"https:\/\/amgpromocionales.mx\/en\/wp-json\/wp\/v2\/types\/product"}],"replies":[{"embeddable":true,"href":"https:\/\/amgpromocionales.mx\/en\/wp-json\/wp\/v2\/comments?post=36591"}],"wp:featuredmedia":[{"embeddable":true,"href":"https:\/\/amgpromocionales.mx\/en\/wp-json\/wp\/v2\/media\/16055"}],"wp:attachment":[{"href":"https:\/\/amgpromocionales.mx\/en\/wp-json\/wp\/v2\/media?parent=36591"}],"wp:term":[{"taxonomy":"product_brand","embeddable":true,"href":"https:\/\/amgpromocionales.mx\/en\/wp-json\/wp\/v2\/genre?post=36591"},{"taxonomy":"product_cat","embeddable":true,"href":"https:\/\/amgpromocionales.mx\/en\/wp-json\/wp\/v2\/product_cat?post=36591"},{"taxonomy":"product_tag","embeddable":true,"href":"https:\/\/amgpromocionales.mx\/en\/wp-json\/wp\/v2\/product_tag?post=36591"}],"curies":[{"name":"wp","href":"https:\/\/api.w.org\/{rel}","templated":true}]}}