{"id":36547,"date":"2025-01-12T21:04:31","date_gmt":"2025-01-13T03:04:31","guid":{"rendered":"https:\/\/amgpromocionales.com.mx\/?post_type=product&#038;p=36547"},"modified":"2025-01-21T00:20:10","modified_gmt":"2025-01-21T06:20:10","slug":"power-13","status":"publish","type":"product","link":"https:\/\/amgpromocionales.mx\/en\/shop\/power-13\/","title":{"rendered":"Aud\u00edfonos"},"content":{"rendered":"<p>Aud\u00edfonos inal\u00e1mbricos con acabado rubber, bater\u00eda recargable y mecanismo touch. Incluye cable de carga tipo C.<\/p>","protected":false},"excerpt":{"rendered":"<p>Aud\u00edfonos inal\u00e1mbricos con acabado rubber, bater\u00eda recargable y mecanismo touch. Incluye cable de carga tipo C.<\/p>","protected":false},"featured_media":16112,"comment_status":"closed","ping_status":"closed","template":"","meta":[],"genre":[],"product_cat":[320,398],"product_tag":[],"class_list":{"0":"post-36547","1":"product","2":"type-product","3":"status-publish","4":"has-post-thumbnail","6":"product_cat-audifonos","7":"product_cat-ver-todo-tecnologia","9":"first","10":"instock","11":"shipping-taxable","12":"purchasable","13":"product-type-variable"},"_links":{"self":[{"href":"https:\/\/amgpromocionales.mx\/en\/wp-json\/wp\/v2\/product\/36547","targetHints":{"allow":["GET"]}}],"collection":[{"href":"https:\/\/amgpromocionales.mx\/en\/wp-json\/wp\/v2\/product"}],"about":[{"href":"https:\/\/amgpromocionales.mx\/en\/wp-json\/wp\/v2\/types\/product"}],"replies":[{"embeddable":true,"href":"https:\/\/amgpromocionales.mx\/en\/wp-json\/wp\/v2\/comments?post=36547"}],"wp:featuredmedia":[{"embeddable":true,"href":"https:\/\/amgpromocionales.mx\/en\/wp-json\/wp\/v2\/media\/16112"}],"wp:attachment":[{"href":"https:\/\/amgpromocionales.mx\/en\/wp-json\/wp\/v2\/media?parent=36547"}],"wp:term":[{"taxonomy":"product_brand","embeddable":true,"href":"https:\/\/amgpromocionales.mx\/en\/wp-json\/wp\/v2\/genre?post=36547"},{"taxonomy":"product_cat","embeddable":true,"href":"https:\/\/amgpromocionales.mx\/en\/wp-json\/wp\/v2\/product_cat?post=36547"},{"taxonomy":"product_tag","embeddable":true,"href":"https:\/\/amgpromocionales.mx\/en\/wp-json\/wp\/v2\/product_tag?post=36547"}],"curies":[{"name":"wp","href":"https:\/\/api.w.org\/{rel}","templated":true}]}}