{"id":36522,"date":"2025-01-12T21:03:52","date_gmt":"2025-01-13T03:03:52","guid":{"rendered":"https:\/\/amgpromocionales.com.mx\/?post_type=product&#038;p=36522"},"modified":"2025-01-21T00:27:32","modified_gmt":"2025-01-21T06:27:32","slug":"cable-4","status":"publish","type":"product","link":"https:\/\/amgpromocionales.mx\/en\/shop\/cable-4\/","title":{"rendered":"Carpeta"},"content":{"rendered":"<p>Carpeta de poli\u00e9ster con block de 100 hojas rayadas, compartimiento para tarjetas, porta bol\u00edgrafo, cierre magn\u00e9tico, bater\u00eda y cables.<\/p>","protected":false},"excerpt":{"rendered":"<p>Carpeta de poli\u00e9ster con block de 100 hojas rayadas, compartimiento para tarjetas, porta bol\u00edgrafo, cierre magn\u00e9tico, bater\u00eda y cables.<\/p>","protected":false},"featured_media":16207,"comment_status":"closed","ping_status":"closed","template":"","meta":[],"genre":[],"product_cat":[321,398],"product_tag":[],"class_list":{"0":"post-36522","1":"product","2":"type-product","3":"status-publish","4":"has-post-thumbnail","6":"product_cat-power-banks","7":"product_cat-ver-todo-tecnologia","9":"first","10":"instock","11":"shipping-taxable","12":"purchasable","13":"product-type-variable"},"_links":{"self":[{"href":"https:\/\/amgpromocionales.mx\/en\/wp-json\/wp\/v2\/product\/36522","targetHints":{"allow":["GET"]}}],"collection":[{"href":"https:\/\/amgpromocionales.mx\/en\/wp-json\/wp\/v2\/product"}],"about":[{"href":"https:\/\/amgpromocionales.mx\/en\/wp-json\/wp\/v2\/types\/product"}],"replies":[{"embeddable":true,"href":"https:\/\/amgpromocionales.mx\/en\/wp-json\/wp\/v2\/comments?post=36522"}],"wp:featuredmedia":[{"embeddable":true,"href":"https:\/\/amgpromocionales.mx\/en\/wp-json\/wp\/v2\/media\/16207"}],"wp:attachment":[{"href":"https:\/\/amgpromocionales.mx\/en\/wp-json\/wp\/v2\/media?parent=36522"}],"wp:term":[{"taxonomy":"product_brand","embeddable":true,"href":"https:\/\/amgpromocionales.mx\/en\/wp-json\/wp\/v2\/genre?post=36522"},{"taxonomy":"product_cat","embeddable":true,"href":"https:\/\/amgpromocionales.mx\/en\/wp-json\/wp\/v2\/product_cat?post=36522"},{"taxonomy":"product_tag","embeddable":true,"href":"https:\/\/amgpromocionales.mx\/en\/wp-json\/wp\/v2\/product_tag?post=36522"}],"curies":[{"name":"wp","href":"https:\/\/api.w.org\/{rel}","templated":true}]}}