{"id":36512,"date":"2025-01-12T21:03:40","date_gmt":"2025-01-13T03:03:40","guid":{"rendered":"https:\/\/amgpromocionales.com.mx\/?post_type=product&#038;p=36512"},"modified":"2025-01-21T00:22:46","modified_gmt":"2025-01-21T06:22:46","slug":"audifonos-20","status":"publish","type":"product","link":"https:\/\/amgpromocionales.mx\/en\/shop\/audifonos-20\/","title":{"rendered":"Bocina"},"content":{"rendered":"<p>Bocina port\u00e1til con Bluetooth, Micro USB, auxiliar, Micro SD y bater\u00eda recargable. Incluye cable de carga y auxiliar. Bater\u00eda recargable con duraci\u00f3n de 4 hrs.<\/p>","protected":false},"excerpt":{"rendered":"<p>Bocina port\u00e1til con Bluetooth, Micro USB, auxiliar, Micro SD y bater\u00eda recargable. Incluye cable de carga y auxiliar. Bater\u00eda recargable con duraci\u00f3n de 4 hrs.<\/p>","protected":false},"featured_media":16224,"comment_status":"closed","ping_status":"closed","template":"","meta":[],"genre":[],"product_cat":[319,398],"product_tag":[],"class_list":{"0":"post-36512","1":"product","2":"type-product","3":"status-publish","4":"has-post-thumbnail","6":"product_cat-bocinas","7":"product_cat-ver-todo-tecnologia","9":"first","10":"instock","11":"shipping-taxable","12":"purchasable","13":"product-type-variable"},"_links":{"self":[{"href":"https:\/\/amgpromocionales.mx\/en\/wp-json\/wp\/v2\/product\/36512","targetHints":{"allow":["GET"]}}],"collection":[{"href":"https:\/\/amgpromocionales.mx\/en\/wp-json\/wp\/v2\/product"}],"about":[{"href":"https:\/\/amgpromocionales.mx\/en\/wp-json\/wp\/v2\/types\/product"}],"replies":[{"embeddable":true,"href":"https:\/\/amgpromocionales.mx\/en\/wp-json\/wp\/v2\/comments?post=36512"}],"wp:featuredmedia":[{"embeddable":true,"href":"https:\/\/amgpromocionales.mx\/en\/wp-json\/wp\/v2\/media\/16224"}],"wp:attachment":[{"href":"https:\/\/amgpromocionales.mx\/en\/wp-json\/wp\/v2\/media?parent=36512"}],"wp:term":[{"taxonomy":"product_brand","embeddable":true,"href":"https:\/\/amgpromocionales.mx\/en\/wp-json\/wp\/v2\/genre?post=36512"},{"taxonomy":"product_cat","embeddable":true,"href":"https:\/\/amgpromocionales.mx\/en\/wp-json\/wp\/v2\/product_cat?post=36512"},{"taxonomy":"product_tag","embeddable":true,"href":"https:\/\/amgpromocionales.mx\/en\/wp-json\/wp\/v2\/product_tag?post=36512"}],"curies":[{"name":"wp","href":"https:\/\/api.w.org\/{rel}","templated":true}]}}