{"id":36511,"date":"2025-01-12T21:03:40","date_gmt":"2025-01-13T03:03:40","guid":{"rendered":"https:\/\/amgpromocionales.com.mx\/?post_type=product&#038;p=36511"},"modified":"2025-01-21T00:20:11","modified_gmt":"2025-01-21T06:20:11","slug":"bocina-30","status":"publish","type":"product","link":"https:\/\/amgpromocionales.mx\/en\/shop\/bocina-30\/","title":{"rendered":"Aud\u00edfonos"},"content":{"rendered":"<p>Aud\u00edfonos Bluetooth plegables con funci\u00f3n manos libres. Controles integrados de llamada, volumen y reproducci\u00f3n de audio. Incluye cable cargador, cable auxiliar y estuche.<\/p>","protected":false},"excerpt":{"rendered":"<p>Aud\u00edfonos Bluetooth plegables con funci\u00f3n manos libres. Controles integrados de llamada, volumen y reproducci\u00f3n de audio. Incluye cable cargador, cable auxiliar y estuche.<\/p>","protected":false},"featured_media":16225,"comment_status":"closed","ping_status":"closed","template":"","meta":[],"genre":[],"product_cat":[320,398],"product_tag":[],"class_list":{"0":"post-36511","1":"product","2":"type-product","3":"status-publish","4":"has-post-thumbnail","6":"product_cat-audifonos","7":"product_cat-ver-todo-tecnologia","9":"first","10":"instock","11":"shipping-taxable","12":"purchasable","13":"product-type-variable"},"_links":{"self":[{"href":"https:\/\/amgpromocionales.mx\/en\/wp-json\/wp\/v2\/product\/36511","targetHints":{"allow":["GET"]}}],"collection":[{"href":"https:\/\/amgpromocionales.mx\/en\/wp-json\/wp\/v2\/product"}],"about":[{"href":"https:\/\/amgpromocionales.mx\/en\/wp-json\/wp\/v2\/types\/product"}],"replies":[{"embeddable":true,"href":"https:\/\/amgpromocionales.mx\/en\/wp-json\/wp\/v2\/comments?post=36511"}],"wp:featuredmedia":[{"embeddable":true,"href":"https:\/\/amgpromocionales.mx\/en\/wp-json\/wp\/v2\/media\/16225"}],"wp:attachment":[{"href":"https:\/\/amgpromocionales.mx\/en\/wp-json\/wp\/v2\/media?parent=36511"}],"wp:term":[{"taxonomy":"product_brand","embeddable":true,"href":"https:\/\/amgpromocionales.mx\/en\/wp-json\/wp\/v2\/genre?post=36511"},{"taxonomy":"product_cat","embeddable":true,"href":"https:\/\/amgpromocionales.mx\/en\/wp-json\/wp\/v2\/product_cat?post=36511"},{"taxonomy":"product_tag","embeddable":true,"href":"https:\/\/amgpromocionales.mx\/en\/wp-json\/wp\/v2\/product_tag?post=36511"}],"curies":[{"name":"wp","href":"https:\/\/api.w.org\/{rel}","templated":true}]}}