{"id":36437,"date":"2025-01-12T21:02:10","date_gmt":"2025-01-13T03:02:10","guid":{"rendered":"https:\/\/amgpromocionales.com.mx\/?post_type=product&#038;p=36437"},"modified":"2025-01-21T00:06:16","modified_gmt":"2025-01-21T06:06:16","slug":"libreta-89","status":"publish","type":"product","link":"https:\/\/amgpromocionales.mx\/en\/shop\/libreta-89\/","title":{"rendered":"Pizarr\u00f3n"},"content":{"rendered":"<p>Pizarr\u00f3n de doble cara con acabado de madera que incluye mini borrador, plum\u00f3n y gis.<\/p>","protected":false},"excerpt":{"rendered":"<p>Pizarr\u00f3n de doble cara con acabado de madera que incluye mini borrador, plum\u00f3n y gis.<\/p>","protected":false},"featured_media":16351,"comment_status":"closed","ping_status":"closed","template":"","meta":[],"genre":[],"product_cat":[284,396],"product_tag":[],"class_list":{"0":"post-36437","1":"product","2":"type-product","3":"status-publish","4":"has-post-thumbnail","6":"product_cat-escolares","7":"product_cat-ver-todo-oficina","9":"first","10":"instock","11":"shipping-taxable","12":"purchasable","13":"product-type-variable"},"_links":{"self":[{"href":"https:\/\/amgpromocionales.mx\/en\/wp-json\/wp\/v2\/product\/36437","targetHints":{"allow":["GET"]}}],"collection":[{"href":"https:\/\/amgpromocionales.mx\/en\/wp-json\/wp\/v2\/product"}],"about":[{"href":"https:\/\/amgpromocionales.mx\/en\/wp-json\/wp\/v2\/types\/product"}],"replies":[{"embeddable":true,"href":"https:\/\/amgpromocionales.mx\/en\/wp-json\/wp\/v2\/comments?post=36437"}],"wp:featuredmedia":[{"embeddable":true,"href":"https:\/\/amgpromocionales.mx\/en\/wp-json\/wp\/v2\/media\/16351"}],"wp:attachment":[{"href":"https:\/\/amgpromocionales.mx\/en\/wp-json\/wp\/v2\/media?parent=36437"}],"wp:term":[{"taxonomy":"product_brand","embeddable":true,"href":"https:\/\/amgpromocionales.mx\/en\/wp-json\/wp\/v2\/genre?post=36437"},{"taxonomy":"product_cat","embeddable":true,"href":"https:\/\/amgpromocionales.mx\/en\/wp-json\/wp\/v2\/product_cat?post=36437"},{"taxonomy":"product_tag","embeddable":true,"href":"https:\/\/amgpromocionales.mx\/en\/wp-json\/wp\/v2\/product_tag?post=36437"}],"curies":[{"name":"wp","href":"https:\/\/api.w.org\/{rel}","templated":true}]}}