{"id":36146,"date":"2025-01-12T20:57:13","date_gmt":"2025-01-13T02:57:13","guid":{"rendered":"https:\/\/amgpromocionales.com.mx\/?post_type=product&#038;p=36146"},"modified":"2025-01-19T17:33:51","modified_gmt":"2025-01-19T23:33:51","slug":"libreta-65","status":"publish","type":"product","link":"https:\/\/amgpromocionales.mx\/en\/shop\/libreta-65\/","title":{"rendered":"Libreta"},"content":{"rendered":"<p>Libreta ecol\u00f3gica de cart\u00f3n con espiral, cierre magn\u00e9tico. Incluye 5 l\u00edneas de banderas adhesivas y dos blocks de notas rectangulares, 70 hojas rayadas y bol\u00edgrafo ecol\u00f3gico de cart\u00f3n reciclado.<\/p>","protected":false},"excerpt":{"rendered":"<p>Libreta ecol\u00f3gica de cart\u00f3n con espiral, cierre magn\u00e9tico. Incluye 5 l\u00edneas de banderas adhesivas y dos blocks de notas rectangulares, 70 hojas rayadas y bol\u00edgrafo ecol\u00f3gico de cart\u00f3n reciclado.<\/p>","protected":false},"featured_media":16791,"comment_status":"closed","ping_status":"closed","template":"","meta":[],"genre":[],"product_cat":[260],"product_tag":[],"class_list":{"0":"post-36146","1":"product","2":"type-product","3":"status-publish","4":"has-post-thumbnail","6":"product_cat-ecologicos","8":"first","9":"instock","10":"shipping-taxable","11":"purchasable","12":"product-type-variable"},"_links":{"self":[{"href":"https:\/\/amgpromocionales.mx\/en\/wp-json\/wp\/v2\/product\/36146","targetHints":{"allow":["GET"]}}],"collection":[{"href":"https:\/\/amgpromocionales.mx\/en\/wp-json\/wp\/v2\/product"}],"about":[{"href":"https:\/\/amgpromocionales.mx\/en\/wp-json\/wp\/v2\/types\/product"}],"replies":[{"embeddable":true,"href":"https:\/\/amgpromocionales.mx\/en\/wp-json\/wp\/v2\/comments?post=36146"}],"wp:featuredmedia":[{"embeddable":true,"href":"https:\/\/amgpromocionales.mx\/en\/wp-json\/wp\/v2\/media\/16791"}],"wp:attachment":[{"href":"https:\/\/amgpromocionales.mx\/en\/wp-json\/wp\/v2\/media?parent=36146"}],"wp:term":[{"taxonomy":"product_brand","embeddable":true,"href":"https:\/\/amgpromocionales.mx\/en\/wp-json\/wp\/v2\/genre?post=36146"},{"taxonomy":"product_cat","embeddable":true,"href":"https:\/\/amgpromocionales.mx\/en\/wp-json\/wp\/v2\/product_cat?post=36146"},{"taxonomy":"product_tag","embeddable":true,"href":"https:\/\/amgpromocionales.mx\/en\/wp-json\/wp\/v2\/product_tag?post=36146"}],"curies":[{"name":"wp","href":"https:\/\/api.w.org\/{rel}","templated":true}]}}