{"id":36131,"date":"2025-01-12T20:56:47","date_gmt":"2025-01-13T02:56:47","guid":{"rendered":"https:\/\/amgpromocionales.com.mx\/?post_type=product&#038;p=36131"},"modified":"2025-01-20T23:44:51","modified_gmt":"2025-01-21T05:44:51","slug":"linterna-6","status":"publish","type":"product","link":"https:\/\/amgpromocionales.mx\/en\/shop\/linterna-6\/","title":{"rendered":"Set"},"content":{"rendered":"<p>Set port\u00e1til de herramientas. Incluye 13 accesorios: 1 martillo, 1 llave perico de 8&#8243;, 1 flex\u00f3metro de 2 mts, 1 pinza, 1 cinta de aislar, 1 cutter, 1 juego de 5 llaves Allen, 1 desarmador plano, 1 desarmador de cruz, 1 l\u00e1piz detector de voltaje, 2 destornilladores de precisi\u00f3n y 1 linterna que requiere 3 bater\u00edas AAA (no incluidas).<\/p>","protected":false},"excerpt":{"rendered":"<p>Set port\u00e1til de herramientas. Incluye 13 accesorios: 1 martillo, 1 llave perico de 8&#8243;, 1 flex\u00f3metro de 2 mts, 1 pinza, 1 cinta de aislar, 1 cutter, 1 juego de 5 llaves Allen, 1 desarmador plano, 1 desarmador de cruz, 1 l\u00e1piz detector de voltaje, 2 destornilladores de precisi\u00f3n y 1 linterna que requiere 3 [&hellip;]<\/p>","protected":false},"featured_media":16836,"comment_status":"closed","ping_status":"closed","template":"","meta":[],"genre":[],"product_cat":[279,393],"product_tag":[],"class_list":{"0":"post-36131","1":"product","2":"type-product","3":"status-publish","4":"has-post-thumbnail","6":"product_cat-herramientas-herramientas","7":"product_cat-ver-todo-herramientas","9":"first","10":"instock","11":"shipping-taxable","12":"purchasable","13":"product-type-variable"},"_links":{"self":[{"href":"https:\/\/amgpromocionales.mx\/en\/wp-json\/wp\/v2\/product\/36131","targetHints":{"allow":["GET"]}}],"collection":[{"href":"https:\/\/amgpromocionales.mx\/en\/wp-json\/wp\/v2\/product"}],"about":[{"href":"https:\/\/amgpromocionales.mx\/en\/wp-json\/wp\/v2\/types\/product"}],"replies":[{"embeddable":true,"href":"https:\/\/amgpromocionales.mx\/en\/wp-json\/wp\/v2\/comments?post=36131"}],"wp:featuredmedia":[{"embeddable":true,"href":"https:\/\/amgpromocionales.mx\/en\/wp-json\/wp\/v2\/media\/16836"}],"wp:attachment":[{"href":"https:\/\/amgpromocionales.mx\/en\/wp-json\/wp\/v2\/media?parent=36131"}],"wp:term":[{"taxonomy":"product_brand","embeddable":true,"href":"https:\/\/amgpromocionales.mx\/en\/wp-json\/wp\/v2\/genre?post=36131"},{"taxonomy":"product_cat","embeddable":true,"href":"https:\/\/amgpromocionales.mx\/en\/wp-json\/wp\/v2\/product_cat?post=36131"},{"taxonomy":"product_tag","embeddable":true,"href":"https:\/\/amgpromocionales.mx\/en\/wp-json\/wp\/v2\/product_tag?post=36131"}],"curies":[{"name":"wp","href":"https:\/\/api.w.org\/{rel}","templated":true}]}}