{"id":36127,"date":"2025-01-12T20:56:45","date_gmt":"2025-01-13T02:56:45","guid":{"rendered":"https:\/\/amgpromocionales.com.mx\/?post_type=product&#038;p=36127"},"modified":"2025-01-20T23:40:09","modified_gmt":"2025-01-21T05:40:09","slug":"set-108","status":"publish","type":"product","link":"https:\/\/amgpromocionales.mx\/en\/shop\/set-108\/","title":{"rendered":"Set"},"content":{"rendered":"<p>Set de cables para pasar corriente, calibrador de presi\u00f3n de aire, guantes y l\u00e1mpara con luz LED funciona con 3 bater\u00edas AAA ( no incluidas). Incluye estuche de tela con cierre y cinta reflectora.<\/p>","protected":false},"excerpt":{"rendered":"<p>Set de cables para pasar corriente, calibrador de presi\u00f3n de aire, guantes y l\u00e1mpara con luz LED funciona con 3 bater\u00edas AAA ( no incluidas). Incluye estuche de tela con cierre y cinta reflectora.<\/p>","protected":false},"featured_media":16852,"comment_status":"closed","ping_status":"closed","template":"","meta":[],"genre":[],"product_cat":[272,393],"product_tag":[],"class_list":{"0":"post-36127","1":"product","2":"type-product","3":"status-publish","4":"has-post-thumbnail","6":"product_cat-accesorios-para-auto","7":"product_cat-ver-todo-herramientas","9":"first","10":"instock","11":"shipping-taxable","12":"purchasable","13":"product-type-variable"},"_links":{"self":[{"href":"https:\/\/amgpromocionales.mx\/en\/wp-json\/wp\/v2\/product\/36127","targetHints":{"allow":["GET"]}}],"collection":[{"href":"https:\/\/amgpromocionales.mx\/en\/wp-json\/wp\/v2\/product"}],"about":[{"href":"https:\/\/amgpromocionales.mx\/en\/wp-json\/wp\/v2\/types\/product"}],"replies":[{"embeddable":true,"href":"https:\/\/amgpromocionales.mx\/en\/wp-json\/wp\/v2\/comments?post=36127"}],"wp:featuredmedia":[{"embeddable":true,"href":"https:\/\/amgpromocionales.mx\/en\/wp-json\/wp\/v2\/media\/16852"}],"wp:attachment":[{"href":"https:\/\/amgpromocionales.mx\/en\/wp-json\/wp\/v2\/media?parent=36127"}],"wp:term":[{"taxonomy":"product_brand","embeddable":true,"href":"https:\/\/amgpromocionales.mx\/en\/wp-json\/wp\/v2\/genre?post=36127"},{"taxonomy":"product_cat","embeddable":true,"href":"https:\/\/amgpromocionales.mx\/en\/wp-json\/wp\/v2\/product_cat?post=36127"},{"taxonomy":"product_tag","embeddable":true,"href":"https:\/\/amgpromocionales.mx\/en\/wp-json\/wp\/v2\/product_tag?post=36127"}],"curies":[{"name":"wp","href":"https:\/\/api.w.org\/{rel}","templated":true}]}}