{"id":35902,"date":"2025-01-12T20:52:37","date_gmt":"2025-01-13T02:52:37","guid":{"rendered":"https:\/\/amgpromocionales.com.mx\/?post_type=product&#038;p=35902"},"modified":"2025-01-21T00:56:21","modified_gmt":"2025-01-21T06:56:21","slug":"cosmetiquera-48","status":"publish","type":"product","link":"https:\/\/amgpromocionales.mx\/en\/shop\/cosmetiquera-48\/","title":{"rendered":"Pr\u00e1ctico"},"content":{"rendered":"<p>Pr\u00e1ctico malet\u00edn de viaje con cierre, bolsa y asa frontal. Compartimentos de malla, porta objetos y gancho interno.<\/p>","protected":false},"excerpt":{"rendered":"<p>Pr\u00e1ctico malet\u00edn de viaje con cierre, bolsa y asa frontal. Compartimentos de malla, porta objetos y gancho interno.<\/p>","protected":false},"featured_media":17262,"comment_status":"closed","ping_status":"closed","template":"","meta":[],"genre":[],"product_cat":[400,276],"product_tag":[],"class_list":{"0":"post-35902","1":"product","2":"type-product","3":"status-publish","4":"has-post-thumbnail","6":"product_cat-ver-todo-tiempo-libre","7":"product_cat-viajes","9":"first","10":"instock","11":"shipping-taxable","12":"purchasable","13":"product-type-variable"},"_links":{"self":[{"href":"https:\/\/amgpromocionales.mx\/en\/wp-json\/wp\/v2\/product\/35902","targetHints":{"allow":["GET"]}}],"collection":[{"href":"https:\/\/amgpromocionales.mx\/en\/wp-json\/wp\/v2\/product"}],"about":[{"href":"https:\/\/amgpromocionales.mx\/en\/wp-json\/wp\/v2\/types\/product"}],"replies":[{"embeddable":true,"href":"https:\/\/amgpromocionales.mx\/en\/wp-json\/wp\/v2\/comments?post=35902"}],"wp:featuredmedia":[{"embeddable":true,"href":"https:\/\/amgpromocionales.mx\/en\/wp-json\/wp\/v2\/media\/17262"}],"wp:attachment":[{"href":"https:\/\/amgpromocionales.mx\/en\/wp-json\/wp\/v2\/media?parent=35902"}],"wp:term":[{"taxonomy":"product_brand","embeddable":true,"href":"https:\/\/amgpromocionales.mx\/en\/wp-json\/wp\/v2\/genre?post=35902"},{"taxonomy":"product_cat","embeddable":true,"href":"https:\/\/amgpromocionales.mx\/en\/wp-json\/wp\/v2\/product_cat?post=35902"},{"taxonomy":"product_tag","embeddable":true,"href":"https:\/\/amgpromocionales.mx\/en\/wp-json\/wp\/v2\/product_tag?post=35902"}],"curies":[{"name":"wp","href":"https:\/\/api.w.org\/{rel}","templated":true}]}}