{"id":35683,"date":"2025-01-12T20:49:24","date_gmt":"2025-01-13T02:49:24","guid":{"rendered":"https:\/\/amgpromocionales.com.mx\/?post_type=product&#038;p=35683"},"modified":"2025-01-19T17:30:02","modified_gmt":"2025-01-19T23:30:02","slug":"boligrafo-382","status":"publish","type":"product","link":"https:\/\/amgpromocionales.mx\/en\/shop\/boligrafo-382\/","title":{"rendered":"Bol\u00edgrafo"},"content":{"rendered":"<p>Bol\u00edgrafo de bamb\u00fa con clip y punta de wheat straw (fibra de trigo) con mecanismo de click.<\/p>","protected":false},"excerpt":{"rendered":"<p>Bol\u00edgrafo de bamb\u00fa con clip y punta de wheat straw (fibra de trigo) con mecanismo de click.<\/p>","protected":false},"featured_media":17677,"comment_status":"closed","ping_status":"closed","template":"","meta":[],"genre":[],"product_cat":[260],"product_tag":[],"class_list":{"0":"post-35683","1":"product","2":"type-product","3":"status-publish","4":"has-post-thumbnail","6":"product_cat-ecologicos","8":"first","9":"instock","10":"shipping-taxable","11":"purchasable","12":"product-type-variable"},"_links":{"self":[{"href":"https:\/\/amgpromocionales.mx\/en\/wp-json\/wp\/v2\/product\/35683","targetHints":{"allow":["GET"]}}],"collection":[{"href":"https:\/\/amgpromocionales.mx\/en\/wp-json\/wp\/v2\/product"}],"about":[{"href":"https:\/\/amgpromocionales.mx\/en\/wp-json\/wp\/v2\/types\/product"}],"replies":[{"embeddable":true,"href":"https:\/\/amgpromocionales.mx\/en\/wp-json\/wp\/v2\/comments?post=35683"}],"wp:featuredmedia":[{"embeddable":true,"href":"https:\/\/amgpromocionales.mx\/en\/wp-json\/wp\/v2\/media\/17677"}],"wp:attachment":[{"href":"https:\/\/amgpromocionales.mx\/en\/wp-json\/wp\/v2\/media?parent=35683"}],"wp:term":[{"taxonomy":"product_brand","embeddable":true,"href":"https:\/\/amgpromocionales.mx\/en\/wp-json\/wp\/v2\/genre?post=35683"},{"taxonomy":"product_cat","embeddable":true,"href":"https:\/\/amgpromocionales.mx\/en\/wp-json\/wp\/v2\/product_cat?post=35683"},{"taxonomy":"product_tag","embeddable":true,"href":"https:\/\/amgpromocionales.mx\/en\/wp-json\/wp\/v2\/product_tag?post=35683"}],"curies":[{"name":"wp","href":"https:\/\/api.w.org\/{rel}","templated":true}]}}