{"id":35651,"date":"2025-01-12T20:48:49","date_gmt":"2025-01-13T02:48:49","guid":{"rendered":"https:\/\/amgpromocionales.com.mx\/?post_type=product&#038;p=35651"},"modified":"2025-01-20T23:33:35","modified_gmt":"2025-01-21T05:33:35","slug":"boligrafo-376","status":"publish","type":"product","link":"https:\/\/amgpromocionales.mx\/en\/shop\/boligrafo-376\/","title":{"rendered":"Bol\u00edgrafo"},"content":{"rendered":"<p>Bol\u00edgrafo de pl\u00e1stico con clip met\u00e1lico y mecanismo de click.<\/p>","protected":false},"excerpt":{"rendered":"<p>Bol\u00edgrafo de pl\u00e1stico con clip met\u00e1lico y mecanismo de click.<\/p>","protected":false},"featured_media":17709,"comment_status":"closed","ping_status":"closed","template":"","meta":[],"genre":[],"product_cat":[266,392],"product_tag":[],"class_list":{"0":"post-35651","1":"product","2":"type-product","3":"status-publish","4":"has-post-thumbnail","6":"product_cat-boligrafos-plasticos","7":"product_cat-ver-todo-boligrafos-y-lapices","9":"first","10":"instock","11":"shipping-taxable","12":"purchasable","13":"product-type-variable"},"_links":{"self":[{"href":"https:\/\/amgpromocionales.mx\/en\/wp-json\/wp\/v2\/product\/35651","targetHints":{"allow":["GET"]}}],"collection":[{"href":"https:\/\/amgpromocionales.mx\/en\/wp-json\/wp\/v2\/product"}],"about":[{"href":"https:\/\/amgpromocionales.mx\/en\/wp-json\/wp\/v2\/types\/product"}],"replies":[{"embeddable":true,"href":"https:\/\/amgpromocionales.mx\/en\/wp-json\/wp\/v2\/comments?post=35651"}],"wp:featuredmedia":[{"embeddable":true,"href":"https:\/\/amgpromocionales.mx\/en\/wp-json\/wp\/v2\/media\/17709"}],"wp:attachment":[{"href":"https:\/\/amgpromocionales.mx\/en\/wp-json\/wp\/v2\/media?parent=35651"}],"wp:term":[{"taxonomy":"product_brand","embeddable":true,"href":"https:\/\/amgpromocionales.mx\/en\/wp-json\/wp\/v2\/genre?post=35651"},{"taxonomy":"product_cat","embeddable":true,"href":"https:\/\/amgpromocionales.mx\/en\/wp-json\/wp\/v2\/product_cat?post=35651"},{"taxonomy":"product_tag","embeddable":true,"href":"https:\/\/amgpromocionales.mx\/en\/wp-json\/wp\/v2\/product_tag?post=35651"}],"curies":[{"name":"wp","href":"https:\/\/api.w.org\/{rel}","templated":true}]}}