{"id":35497,"date":"2025-01-12T20:46:45","date_gmt":"2025-01-13T02:46:45","guid":{"rendered":"https:\/\/amgpromocionales.com.mx\/?post_type=product&#038;p=35497"},"modified":"2025-01-21T00:48:44","modified_gmt":"2025-01-21T06:48:44","slug":"maleta-58","status":"publish","type":"product","link":"https:\/\/amgpromocionales.mx\/en\/shop\/maleta-58\/","title":{"rendered":"Maleta"},"content":{"rendered":"<p>Maleta de pl\u00e1stico para viaje, con doble rueda giratoria, asa met\u00e1lica retr\u00e1ctil y candado de seguridad.<\/p>","protected":false},"excerpt":{"rendered":"<p>Maleta de pl\u00e1stico para viaje, con doble rueda giratoria, asa met\u00e1lica retr\u00e1ctil y candado de seguridad.<\/p>","protected":false},"featured_media":17939,"comment_status":"closed","ping_status":"closed","template":"","meta":[],"genre":[],"product_cat":[376,399],"product_tag":[],"class_list":{"0":"post-35497","1":"product","2":"type-product","3":"status-publish","4":"has-post-thumbnail","6":"product_cat-mochilas-portafolios-y-maletas","7":"product_cat-ver-todo-textiles","9":"first","10":"instock","11":"shipping-taxable","12":"purchasable","13":"product-type-variable"},"_links":{"self":[{"href":"https:\/\/amgpromocionales.mx\/en\/wp-json\/wp\/v2\/product\/35497","targetHints":{"allow":["GET"]}}],"collection":[{"href":"https:\/\/amgpromocionales.mx\/en\/wp-json\/wp\/v2\/product"}],"about":[{"href":"https:\/\/amgpromocionales.mx\/en\/wp-json\/wp\/v2\/types\/product"}],"replies":[{"embeddable":true,"href":"https:\/\/amgpromocionales.mx\/en\/wp-json\/wp\/v2\/comments?post=35497"}],"wp:featuredmedia":[{"embeddable":true,"href":"https:\/\/amgpromocionales.mx\/en\/wp-json\/wp\/v2\/media\/17939"}],"wp:attachment":[{"href":"https:\/\/amgpromocionales.mx\/en\/wp-json\/wp\/v2\/media?parent=35497"}],"wp:term":[{"taxonomy":"product_brand","embeddable":true,"href":"https:\/\/amgpromocionales.mx\/en\/wp-json\/wp\/v2\/genre?post=35497"},{"taxonomy":"product_cat","embeddable":true,"href":"https:\/\/amgpromocionales.mx\/en\/wp-json\/wp\/v2\/product_cat?post=35497"},{"taxonomy":"product_tag","embeddable":true,"href":"https:\/\/amgpromocionales.mx\/en\/wp-json\/wp\/v2\/product_tag?post=35497"}],"curies":[{"name":"wp","href":"https:\/\/api.w.org\/{rel}","templated":true}]}}