{"id":35433,"date":"2025-01-12T20:45:53","date_gmt":"2025-01-13T02:45:53","guid":{"rendered":"https:\/\/amgpromocionales.com.mx\/?post_type=product&#038;p=35433"},"modified":"2025-01-19T17:27:46","modified_gmt":"2025-01-19T23:27:46","slug":"bolsa-101","status":"publish","type":"product","link":"https:\/\/amgpromocionales.mx\/en\/shop\/bolsa-101\/","title":{"rendered":"Bolsa"},"content":{"rendered":"<p>Bolsa ecol\u00f3gica de cart\u00f3n cosida y laminado con asa de algod\u00f3n. Resistente al agua.<\/p>","protected":false},"excerpt":{"rendered":"<p>Bolsa ecol\u00f3gica de cart\u00f3n cosida y laminado con asa de algod\u00f3n. Resistente al agua.<\/p>","protected":false},"featured_media":18044,"comment_status":"closed","ping_status":"closed","template":"","meta":[],"genre":[],"product_cat":[260],"product_tag":[],"class_list":{"0":"post-35433","1":"product","2":"type-product","3":"status-publish","4":"has-post-thumbnail","6":"product_cat-ecologicos","8":"first","9":"instock","10":"shipping-taxable","11":"product-type-variable"},"_links":{"self":[{"href":"https:\/\/amgpromocionales.mx\/en\/wp-json\/wp\/v2\/product\/35433","targetHints":{"allow":["GET"]}}],"collection":[{"href":"https:\/\/amgpromocionales.mx\/en\/wp-json\/wp\/v2\/product"}],"about":[{"href":"https:\/\/amgpromocionales.mx\/en\/wp-json\/wp\/v2\/types\/product"}],"replies":[{"embeddable":true,"href":"https:\/\/amgpromocionales.mx\/en\/wp-json\/wp\/v2\/comments?post=35433"}],"wp:featuredmedia":[{"embeddable":true,"href":"https:\/\/amgpromocionales.mx\/en\/wp-json\/wp\/v2\/media\/18044"}],"wp:attachment":[{"href":"https:\/\/amgpromocionales.mx\/en\/wp-json\/wp\/v2\/media?parent=35433"}],"wp:term":[{"taxonomy":"product_brand","embeddable":true,"href":"https:\/\/amgpromocionales.mx\/en\/wp-json\/wp\/v2\/genre?post=35433"},{"taxonomy":"product_cat","embeddable":true,"href":"https:\/\/amgpromocionales.mx\/en\/wp-json\/wp\/v2\/product_cat?post=35433"},{"taxonomy":"product_tag","embeddable":true,"href":"https:\/\/amgpromocionales.mx\/en\/wp-json\/wp\/v2\/product_tag?post=35433"}],"curies":[{"name":"wp","href":"https:\/\/api.w.org\/{rel}","templated":true}]}}