{"id":35427,"date":"2025-01-12T20:45:43","date_gmt":"2025-01-13T02:45:43","guid":{"rendered":"https:\/\/amgpromocionales.com.mx\/?post_type=product&#038;p=35427"},"modified":"2025-01-21T00:48:55","modified_gmt":"2025-01-21T06:48:55","slug":"mochila-105","status":"publish","type":"product","link":"https:\/\/amgpromocionales.mx\/en\/shop\/mochila-105\/","title":{"rendered":"Mochila"},"content":{"rendered":"<p>Mochila de poli\u00e9ster con 2 compartimentos, con espacio para laptop de m\u00e1ximo 16 pulgadas, 5 organizadores internos, 1 bolsa lateral, carry on, entrada interna para bater\u00eda port\u00e1til y aux. (incluye cables), respaldo, asa y tirantes acojinados.<\/p>","protected":false},"excerpt":{"rendered":"<p>Mochila de poli\u00e9ster con 2 compartimentos, con espacio para laptop de m\u00e1ximo 16 pulgadas, 5 organizadores internos, 1 bolsa lateral, carry on, entrada interna para bater\u00eda port\u00e1til y aux. (incluye cables), respaldo, asa y tirantes acojinados.<\/p>","protected":false},"featured_media":18053,"comment_status":"closed","ping_status":"closed","template":"","meta":[],"genre":[],"product_cat":[376,399],"product_tag":[],"class_list":{"0":"post-35427","1":"product","2":"type-product","3":"status-publish","4":"has-post-thumbnail","6":"product_cat-mochilas-portafolios-y-maletas","7":"product_cat-ver-todo-textiles","9":"first","10":"instock","11":"shipping-taxable","12":"purchasable","13":"product-type-variable"},"_links":{"self":[{"href":"https:\/\/amgpromocionales.mx\/en\/wp-json\/wp\/v2\/product\/35427","targetHints":{"allow":["GET"]}}],"collection":[{"href":"https:\/\/amgpromocionales.mx\/en\/wp-json\/wp\/v2\/product"}],"about":[{"href":"https:\/\/amgpromocionales.mx\/en\/wp-json\/wp\/v2\/types\/product"}],"replies":[{"embeddable":true,"href":"https:\/\/amgpromocionales.mx\/en\/wp-json\/wp\/v2\/comments?post=35427"}],"wp:featuredmedia":[{"embeddable":true,"href":"https:\/\/amgpromocionales.mx\/en\/wp-json\/wp\/v2\/media\/18053"}],"wp:attachment":[{"href":"https:\/\/amgpromocionales.mx\/en\/wp-json\/wp\/v2\/media?parent=35427"}],"wp:term":[{"taxonomy":"product_brand","embeddable":true,"href":"https:\/\/amgpromocionales.mx\/en\/wp-json\/wp\/v2\/genre?post=35427"},{"taxonomy":"product_cat","embeddable":true,"href":"https:\/\/amgpromocionales.mx\/en\/wp-json\/wp\/v2\/product_cat?post=35427"},{"taxonomy":"product_tag","embeddable":true,"href":"https:\/\/amgpromocionales.mx\/en\/wp-json\/wp\/v2\/product_tag?post=35427"}],"curies":[{"name":"wp","href":"https:\/\/api.w.org\/{rel}","templated":true}]}}